{"id":8390,"date":"2023-11-26T03:25:54","date_gmt":"2023-11-26T02:25:54","guid":{"rendered":"https:\/\/fifdh.org\/?page_id=8390"},"modified":"2023-11-26T03:29:23","modified_gmt":"2023-11-26T02:29:23","slug":"404-2","status":"publish","type":"page","link":"https:\/\/fifdh.org\/en\/404-2\/","title":{"rendered":"404"},"content":{"rendered":"\n<div style=\"height:var(--wp--preset--spacing--50)\" aria-hidden=\"true\" class=\"wp-block-spacer\"><\/div>\n\n\n\n<h2 class=\"wp-block-heading\">Page not found<\/h2>\n\n\n\n<p>\u2190 <a href=\"https:\/\/fifdh.org\/en\/\">Back to Home<\/a><\/p>\n\n\n\n<div style=\"height:var(--wp--preset--spacing--60)\" aria-hidden=\"true\" class=\"wp-block-spacer\"><\/div>\n\n\n<div id=\"block_6562ad82a22c0\" class=\"block block-news\">\n\n      <div class=\"slider-container\">\n      <div class=\"slider row\">\n                  <div class=\"slide slide-festival col-10 col-md-6 col-lg-4 col-xxl-3\">\n\n            <a href=\"https:\/\/fifdh.org\/en\/festival\/news\/from-gaza-with-love-free-streaming\/\" class=\"link-image\">\n              <div class=\"ratio ratio-16x9\">\n                <img decoding=\"async\" width=\"1280\" height=\"855\" src=\"https:\/\/fifdh.org\/wp-content\/uploads\/2026\/04\/2025-03-08_FromGazaWithLove_AndreCordeli-48-1280x855.webp\" class=\"img-cover pe-none wp-post-image\" alt=\"\" srcset=\"https:\/\/fifdh.org\/wp-content\/uploads\/2026\/04\/2025-03-08_FromGazaWithLove_AndreCordeli-48-1280x855.webp 1280w, https:\/\/fifdh.org\/wp-content\/uploads\/2026\/04\/2025-03-08_FromGazaWithLove_AndreCordeli-48-480x321.webp 480w, https:\/\/fifdh.org\/wp-content\/uploads\/2026\/04\/2025-03-08_FromGazaWithLove_AndreCordeli-48-854x570.webp 854w, https:\/\/fifdh.org\/wp-content\/uploads\/2026\/04\/2025-03-08_FromGazaWithLove_AndreCordeli-48-1900x1269.webp 1900w\" sizes=\"(max-width: 1280px) 100vw, 1280px\" \/>              <\/div>\n            <\/a>\n            <div class=\"border-bottom py-1 lh-sm mb-2\">\n                    <div class=\"category-display category-festival\">\n      FESTIVAL    <\/div>\n              <\/div>\n            <div class=\"news-card-content\">\n              <a href=\"https:\/\/fifdh.org\/en\/festival\/news\/from-gaza-with-love-free-streaming\/\" class=\"text-decoration-none\">\n                <h2 class=\"mb-1\">From GAZA with LOVE \u2013 free streaming<\/h2>\n              <\/a>\n              <p>Following its success at the FIFDH 2026 and its screening in several cinemas, the documentary From GAZA with LOVE will be available to watch for\u2026<\/p>\n            <\/div>\n\n          <\/div>\n                  <div class=\"slide slide-schools col-10 col-md-6 col-lg-4 col-xxl-3\">\n\n            <a href=\"https:\/\/fifdh.org\/en\/schools\/news\/fifdh-for-schools-highlights-in-pictures\/\" class=\"link-image\">\n              <div class=\"ratio ratio-16x9\">\n                <img decoding=\"async\" width=\"1280\" height=\"852\" src=\"https:\/\/fifdh.org\/wp-content\/uploads\/2026\/04\/2026-03-13_Ecole_BlackWater_ManonVoland_15-1280x852.webp\" class=\"img-cover pe-none wp-post-image\" alt=\"Salle de cin\u00e9ma remplie, avec un \u00e9l\u00e8ve levant la main. Le fond d&#039;\u00e9cran est l&#039;affiche du FIFDH 2026 avec un requin\" srcset=\"https:\/\/fifdh.org\/wp-content\/uploads\/2026\/04\/2026-03-13_Ecole_BlackWater_ManonVoland_15-1280x852.webp 1280w, https:\/\/fifdh.org\/wp-content\/uploads\/2026\/04\/2026-03-13_Ecole_BlackWater_ManonVoland_15-480x319.webp 480w, https:\/\/fifdh.org\/wp-content\/uploads\/2026\/04\/2026-03-13_Ecole_BlackWater_ManonVoland_15-854x568.webp 854w, https:\/\/fifdh.org\/wp-content\/uploads\/2026\/04\/2026-03-13_Ecole_BlackWater_ManonVoland_15-1900x1264.webp 1900w\" sizes=\"(max-width: 1280px) 100vw, 1280px\" \/>              <\/div>\n            <\/a>\n            <div class=\"border-bottom py-1 lh-sm mb-2\">\n                    <div class=\"category-display category-schools\">\n      SCHOOLS    <\/div>\n              <\/div>\n            <div class=\"news-card-content\">\n              <a href=\"https:\/\/fifdh.org\/en\/schools\/news\/fifdh-for-schools-highlights-in-pictures\/\" class=\"text-decoration-none\">\n                <h2 class=\"mb-1\">FIFDH for Schools : highlights in pictures<\/h2>\n              <\/a>\n              <p>Thank you all for attending! More than 1,250 of you \u2013 including 1,100 students \u2013 took part in the 2026 edition of the FIFDH for\u2026<\/p>\n            <\/div>\n\n          <\/div>\n                  <div class=\"slide slide-festival col-10 col-md-6 col-lg-4 col-xxl-3\">\n\n            <a href=\"https:\/\/fifdh.org\/en\/festival\/news\/swiss-releases-2026\/\" class=\"link-image\">\n              <div class=\"ratio ratio-16x9\">\n                <img decoding=\"async\" width=\"720\" height=\"432\" src=\"https:\/\/fifdh.org\/wp-content\/uploads\/2026\/01\/dontletthesun_filmstill1_uid_692efa8436258_720.webp\" class=\"img-cover pe-none wp-post-image\" alt=\"\" srcset=\"https:\/\/fifdh.org\/wp-content\/uploads\/2026\/01\/dontletthesun_filmstill1_uid_692efa8436258_720.webp 720w, https:\/\/fifdh.org\/wp-content\/uploads\/2026\/01\/dontletthesun_filmstill1_uid_692efa8436258_720-480x288.webp 480w\" sizes=\"(max-width: 720px) 100vw, 720px\" \/>              <\/div>\n            <\/a>\n            <div class=\"border-bottom py-1 lh-sm mb-2\">\n                    <div class=\"category-display category-festival\">\n      FESTIVAL    <\/div>\n              <\/div>\n            <div class=\"news-card-content\">\n              <a href=\"https:\/\/fifdh.org\/en\/festival\/news\/swiss-releases-2026\/\" class=\"text-decoration-none\">\n                <h2 class=\"mb-1\">Swiss Releases &amp; VOD<\/h2>\n              <\/a>\n              <p>Several films screened at the 24th edition of the FIFDH are being released in cinemas across Switzerland, offering you another chance to see them after\u2026<\/p>\n            <\/div>\n\n          <\/div>\n                  <div class=\"slide slide-festival col-10 col-md-6 col-lg-4 col-xxl-3\">\n\n            <a href=\"https:\/\/fifdh.org\/en\/festival\/news\/fifdh-awards-confront-the-world-head-on\/\" class=\"link-image\">\n              <div class=\"ratio ratio-16x9\">\n                <img decoding=\"async\" width=\"1280\" height=\"852\" src=\"https:\/\/fifdh.org\/wp-content\/uploads\/2026\/03\/2026-03-14_Ceremonie-Cloture_ManonVoland_17-1280x852.webp\" class=\"img-cover pe-none wp-post-image\" alt=\"\" srcset=\"https:\/\/fifdh.org\/wp-content\/uploads\/2026\/03\/2026-03-14_Ceremonie-Cloture_ManonVoland_17-1280x852.webp 1280w, https:\/\/fifdh.org\/wp-content\/uploads\/2026\/03\/2026-03-14_Ceremonie-Cloture_ManonVoland_17-480x319.webp 480w, https:\/\/fifdh.org\/wp-content\/uploads\/2026\/03\/2026-03-14_Ceremonie-Cloture_ManonVoland_17-854x568.webp 854w, https:\/\/fifdh.org\/wp-content\/uploads\/2026\/03\/2026-03-14_Ceremonie-Cloture_ManonVoland_17-1900x1264.webp 1900w\" sizes=\"(max-width: 1280px) 100vw, 1280px\" \/>              <\/div>\n            <\/a>\n            <div class=\"border-bottom py-1 lh-sm mb-2\">\n                    <div class=\"category-display category-festival\">\n      FESTIVAL    <\/div>\n              <\/div>\n            <div class=\"news-card-content\">\n              <a href=\"https:\/\/fifdh.org\/en\/festival\/news\/fifdh-awards-confront-the-world-head-on\/\" class=\"text-decoration-none\">\n                <h2 class=\"mb-1\">Final Curtain &#8211; 24th edition<\/h2>\n              <\/a>\n              <p>&nbsp; Audiences discovered a rich and timely film selection, alongside discussions featuring more than 200 guests from the worlds of art, science, politics and activism.\u2026<\/p>\n            <\/div>\n\n          <\/div>\n              <\/div>\n      <div class=\"d-flex mt-3\">\n        <div class=\"mx-auto\">\n          <button class=\"btn btn-link prev-button\" type=\"button\">\n            <svg xmlns=\"http:\/\/www.w3.org\/2000\/svg\" width=\"50.157\" height=\"41.895\" viewBox=\"0 0 50.157 41.895\">\n  <path d=\"M29.9,55.395l2.947-2.954L17,36.542H59.157V32.353H17l15.841-15.9L29.9,13.5,9,34.447Z\" transform=\"translate(-9 -13.5)\" fill=\"var(--bs-body-color)\"\/>\n<\/svg>\n            <span class=\"visually-hidden\">Previous<\/span>\n          <\/button>\n          <button class=\"btn btn-link next-button\" type=\"button\">\n            <svg xmlns=\"http:\/\/www.w3.org\/2000\/svg\" width=\"50.157\" height=\"41.895\" viewBox=\"0 0 50.157 41.895\">\n  <path d=\"M38.258,13.5,35.27,16.418,51.111,32.353H9v4.189H51.111L35.27,52.405l2.988,2.989,20.9-20.947Z\" transform=\"translate(-9 -13.5)\" fill=\"var(--bs-body-color)\"\/>\n<\/svg>\n            <span class=\"visually-hidden\">Next<\/span>\n          <\/button>\n        <\/div>\n      <\/div>\n    <\/div>\n  <\/div>\n\n<script>\n      document.addEventListener('DOMContentLoaded', function() {\n      new Slider('#block_6562ad82a22c0');\n      new NewsCardTruncator('#block_6562ad82a22c0 .news-card-content');\n    });\n  <\/script>","protected":false},"excerpt":{"rendered":"<p>Page not found \u2190 Back to Home<\/p>\n","protected":false},"author":1,"featured_media":0,"parent":0,"menu_order":1000,"comment_status":"closed","ping_status":"closed","template":"","meta":{"_acf_changed":false,"footnotes":""},"class_list":["post-8390","page","type-page","status-publish","hentry"],"acf":[],"_links":{"self":[{"href":"https:\/\/fifdh.org\/en\/wp-json\/wp\/v2\/pages\/8390","targetHints":{"allow":["GET"]}}],"collection":[{"href":"https:\/\/fifdh.org\/en\/wp-json\/wp\/v2\/pages"}],"about":[{"href":"https:\/\/fifdh.org\/en\/wp-json\/wp\/v2\/types\/page"}],"author":[{"embeddable":true,"href":"https:\/\/fifdh.org\/en\/wp-json\/wp\/v2\/users\/1"}],"replies":[{"embeddable":true,"href":"https:\/\/fifdh.org\/en\/wp-json\/wp\/v2\/comments?post=8390"}],"version-history":[{"count":2,"href":"https:\/\/fifdh.org\/en\/wp-json\/wp\/v2\/pages\/8390\/revisions"}],"predecessor-version":[{"id":8393,"href":"https:\/\/fifdh.org\/en\/wp-json\/wp\/v2\/pages\/8390\/revisions\/8393"}],"wp:attachment":[{"href":"https:\/\/fifdh.org\/en\/wp-json\/wp\/v2\/media?parent=8390"}],"curies":[{"name":"wp","href":"https:\/\/api.w.org\/{rel}","templated":true}]}}