{"id":4879,"date":"2023-08-17T15:48:41","date_gmt":"2023-08-17T13:48:41","guid":{"rendered":"https:\/\/fifdh.org\/?page_id=4879"},"modified":"2026-01-29T09:25:16","modified_gmt":"2026-01-29T08:25:16","slug":"cultural-mediation","status":"publish","type":"page","link":"https:\/\/fifdh.org\/en\/cultural-mediation\/","title":{"rendered":"Cultural mediation"},"content":{"rendered":"\n<div style=\"height:var(--wp--preset--spacing--30)\" aria-hidden=\"true\" class=\"wp-block-spacer\"><\/div>\n\n\n<div class=\"block block-image\">\n<figure>\n  <div class=\"ratio ratio-21x9\">  <img decoding=\"async\" width=\"1280\" height=\"854\" src=\"https:\/\/fifdh.org\/wp-content\/uploads\/2023\/10\/page_principale-1280x854.jpg\" class=\"img-cover\" alt=\"\" srcset=\"https:\/\/fifdh.org\/wp-content\/uploads\/2023\/10\/page_principale-1280x854.jpg 1280w, https:\/\/fifdh.org\/wp-content\/uploads\/2023\/10\/page_principale-480x320.jpg 480w, https:\/\/fifdh.org\/wp-content\/uploads\/2023\/10\/page_principale-854x570.jpg 854w, https:\/\/fifdh.org\/wp-content\/uploads\/2023\/10\/page_principale.jpg 1619w\" sizes=\"(max-width: 1280px) 100vw, 1280px\" \/>  <\/div>  <figcaption><p><\/p><\/figcaption><\/figure>\n<\/div>\n\n\n<p>The FIFDH perceives cinema as a tool for mediation, an opportunity to engage with diverse audiences. By showcasing impactful and creative films, we facilitate unique opportunities for dialogue among people from varied backgrounds.&nbsp;<\/p>\n\n\n\n<p>Through cinematic storytelling, discussions and tailor-made workshops, our mediation initiatives create encounters between different social and cultural spheres. These moments provide a platform to contemplate sensitive and intricate issues, encouraging collective envisioning of aspirational futures.<\/p>\n\n\n\n<p>In an effort to transcend social, cultural and generational and geographical barriers, the Festival collaborates with numerous institutions throughout the Canton.<\/p>\n\n\n\n<p>From screenings in hospitals and prisons, to events in accomodation centres, and solidarity tickets\u2026 The FIFDH harnesses the power of cinema as an educational and integration tool.<\/p>\n\n\n\n<div style=\"height:var(--wp--preset--spacing--70)\" aria-hidden=\"true\" class=\"wp-block-spacer\"><\/div>\n\n\n<div>\n  <h2 class=\"block block-heading text-center layout-section\">Our mediation programmes<\/h2>\n<\/div>\n\n\n<p>Each programme is tailored for a specific audience:<\/p>\n\n\n\n<h2 class=\"wp-block-heading\">In hospitals<\/h2>\n\n\n\n<p>The FIFDH collaborates with the HUG (Geneva University Hospitals) and the MEA (Children&#8217;s and teenagers&#8217; centre) for various activities in hospitals.&nbsp;<\/p>\n\n\n\n<h4 class=\"wp-block-heading\">Midi ailleurs<\/h4>\n\n\n\n<p>ArtHUG aims to maintain cultural activties across all the HUG sites. In this regard, the FIFDH is collaborating with the HUG and presenting a film as part of the&nbsp;<em>Midi ailleurs&nbsp;<\/em>programme. The screening is free and open to all: patients, healthcare professionals, carergivers and families, and the wider community.<\/p>\n\n\n\n<h4 class=\"wp-block-heading\">Convergences jury workshop<\/h4>\n\n\n\n<p>The MEA (Children\u2019s and teenagers\u2019 centre) offers comprehensive care for the mental health of children and adolescents, incorporating culture into their care. The FIFDH collaborates with the MEA on an Convergences jury workshop for teenagers from various units.<\/p>\n\n\n\n<p>The participants form a jury, watch several films in the presence of the directors, protagonists or other professionals. Subsequently, they deliberate and award the&nbsp;<em>Prix Convergences<\/em>&nbsp;to the best film. By expressing their point of view and debating the stance of others, the youth jury members develop a renewed confidence in their abilities.&nbsp;This workshop is exclusively reserved for participants from the units involved and the care teams accompanying them. The&nbsp;<em>Prix Convergences<\/em>&nbsp;will be announced at the Festival\u2019s closing ceremony.<\/p>\n\n\n\n<p>&gt; <a href=\"https:\/\/fifdh.org\/wp-content\/uploads\/2023\/10\/Programme_Artopie_FIFDH_2023.pdf\" target=\"_blank\" rel=\"noreferrer noopener\">Programme 2023<\/a><\/p>\n\n\n\n<p>&gt; <a href=\"https:\/\/fifdh.org\/wp-content\/uploads\/2023\/10\/Programme_Artopie_FIFDH_2022.pdf\" target=\"_blank\" rel=\"noreferrer noopener\">Programme 2022<\/a><\/p>\n\n\n\n<p>&gt; <a href=\"https:\/\/fifdh.org\/wp-content\/uploads\/2023\/10\/Programme_Artopie_FIFDH_2021.pdf\" target=\"_blank\" rel=\"noreferrer noopener\">Programme 2021<\/a><\/p>\n\n\n<div class=\"block block-gallery \">\n  <div class=\"row justify-content-center my-5\">\n          <div class=\"col-12 col-md-6\">\n        <div class=\"block block-image\">\n        <figure>\n          <div class=\"ratio ratio-A4H\">          <img decoding=\"async\" width=\"602\" height=\"905\" src=\"https:\/\/fifdh.org\/wp-content\/uploads\/2023\/10\/HUG_1-602x905.jpg\" class=\"img-cover\" alt=\"\" srcset=\"https:\/\/fifdh.org\/wp-content\/uploads\/2023\/10\/HUG_1-602x905.jpg 602w, https:\/\/fifdh.org\/wp-content\/uploads\/2023\/10\/HUG_1-226x340.jpg 226w, https:\/\/fifdh.org\/wp-content\/uploads\/2023\/10\/HUG_1-402x604.jpg 402w, https:\/\/fifdh.org\/wp-content\/uploads\/2023\/10\/HUG_1-1788x2687.jpg 1788w, https:\/\/fifdh.org\/wp-content\/uploads\/2023\/10\/HUG_1-1129x1697.jpg 1129w, https:\/\/fifdh.org\/wp-content\/uploads\/2023\/10\/HUG_1-scaled.jpg 1703w\" sizes=\"(max-width: 602px) 100vw, 602px\" \/>          <\/div>                  <\/figure>\n\n        <\/div>      <\/div>\n          <div class=\"col-12 col-md-6\">\n        <div class=\"block block-image\">\n        <figure>\n          <div class=\"ratio ratio-A4H\">          <img decoding=\"async\" width=\"1280\" height=\"852\" src=\"https:\/\/fifdh.org\/wp-content\/uploads\/2023\/10\/HUG_2-1280x852.jpg\" class=\"img-cover\" alt=\"\" srcset=\"https:\/\/fifdh.org\/wp-content\/uploads\/2023\/10\/HUG_2-1280x852.jpg 1280w, https:\/\/fifdh.org\/wp-content\/uploads\/2023\/10\/HUG_2-480x319.jpg 480w, https:\/\/fifdh.org\/wp-content\/uploads\/2023\/10\/HUG_2-854x568.jpg 854w, https:\/\/fifdh.org\/wp-content\/uploads\/2023\/10\/HUG_2-1900x1264.jpg 1900w\" sizes=\"(max-width: 1280px) 100vw, 1280px\" \/>          <\/div>                  <\/figure>\n\n        <\/div>      <\/div>\n      <\/div>\n<\/div>\n\n\n<h2 class=\"wp-block-heading\">In correctional facilities&nbsp;<\/h2>\n\n\n\n<p>In collaboration with the Geneva\u2019s Detention Office, women and men deprived of their freedom in the facilities of La Brenaz and Champ-Dollon are actively involved in the Festival.<\/p>\n\n\n\n<p>Correctional participants form a jury and attend screenings within the institutions in the presence of guests and award a prize to the best film, which will be announced at the closing ceremony. Additionally, the workshop includes writing articles for the institutions\u2019 newspapers, detailing their experiences as members of the jury.<\/p>\n\n\n\n<p>The programme was conceived with the aim to be a pedagogical workshop which develop attendees\u2019 analytical, listening and public speaking skills. Participation in the program is exclusively reserved for individuals and staff members of the Geneva Detention Office.<\/p>\n\n\n\n<p><a href=\"https:\/\/fifdh.org\/wp-content\/uploads\/2023\/10\/Programme_MilieuCarceral_FIFDH_2021.pdf\" target=\"_blank\" rel=\"noreferrer noopener\">&gt; Programme 2021<\/a><\/p>\n\n\n\n<div style=\"height:var(--wp--preset--spacing--50)\" aria-hidden=\"true\" class=\"wp-block-spacer\"><\/div>\n\n\n\n<h2 class=\"wp-block-heading\">For our younger audiences<\/h2>\n\n\n\n<p>The FIFDH warmly welcomes young attendees, curious to discover and learn about themes that may sometimes be difficult to discuss. Screenings provide an immersive experience, that combines storytelling and an alternative viewpoint. Additionally, we provide films and workshops for children and their families, in partnership with&nbsp;<strong><em>Le grand \u00e9cran pour les enfants&nbsp;<\/em><\/strong>of the&nbsp;<strong><em>Cin\u00e9mas du Gr\u00fctli&nbsp;<\/em><\/strong>and with the enriched program of the&nbsp;<strong><em>Lanterne Magique<\/em><\/strong>&nbsp;all of which are available during the Festival.<\/p>\n\n\n<div class=\"block block-gallery \">\n  <div class=\"row justify-content-center my-5\">\n          <div class=\"col-12 col-md-6\">\n        <div class=\"block block-image\">\n        <figure>\n          <div class=\"ratio ratio-A4H\">          <img decoding=\"async\" width=\"1280\" height=\"854\" src=\"https:\/\/fifdh.org\/wp-content\/uploads\/2023\/08\/0318_FIFDH23_LanterneMagique_KenzaWadimoff_HD-14-1280x854.jpg\" class=\"img-cover\" alt=\"\" srcset=\"https:\/\/fifdh.org\/wp-content\/uploads\/2023\/08\/0318_FIFDH23_LanterneMagique_KenzaWadimoff_HD-14-1280x854.jpg 1280w, https:\/\/fifdh.org\/wp-content\/uploads\/2023\/08\/0318_FIFDH23_LanterneMagique_KenzaWadimoff_HD-14-480x320.jpg 480w, https:\/\/fifdh.org\/wp-content\/uploads\/2023\/08\/0318_FIFDH23_LanterneMagique_KenzaWadimoff_HD-14-854x570.jpg 854w, https:\/\/fifdh.org\/wp-content\/uploads\/2023\/08\/0318_FIFDH23_LanterneMagique_KenzaWadimoff_HD-14-1900x1267.jpg 1900w\" sizes=\"(max-width: 1280px) 100vw, 1280px\" \/>          <\/div>                  <\/figure>\n\n        <\/div>      <\/div>\n          <div class=\"col-12 col-md-6\">\n        <div class=\"block block-image\">\n        <figure>\n          <div class=\"ratio ratio-A4H\">          <img decoding=\"async\" width=\"1280\" height=\"854\" src=\"https:\/\/fifdh.org\/wp-content\/uploads\/2023\/10\/page_principale-1280x854.jpg\" class=\"img-cover\" alt=\"\" srcset=\"https:\/\/fifdh.org\/wp-content\/uploads\/2023\/10\/page_principale-1280x854.jpg 1280w, https:\/\/fifdh.org\/wp-content\/uploads\/2023\/10\/page_principale-480x320.jpg 480w, https:\/\/fifdh.org\/wp-content\/uploads\/2023\/10\/page_principale-854x570.jpg 854w, https:\/\/fifdh.org\/wp-content\/uploads\/2023\/10\/page_principale.jpg 1619w\" sizes=\"(max-width: 1280px) 100vw, 1280px\" \/>          <\/div>                  <\/figure>\n\n        <\/div>      <\/div>\n      <\/div>\n<\/div>\n\n\n<h2 class=\"wp-block-heading\">All year round<\/h2>\n\n\n\n<h4 class=\"wp-block-heading\">In the municipalities of Greater Geneva<\/h4>\n\n\n\n<p>Throughout the year, the Festival programme is extended through free screenings in partnership with the municipalities of Greater Geneva. By involving residents and local associations, these events aim to highlight the richness and diversity of the Geneva region. They provide an opportunity to get together, view films and discuss human rights issues. They&#8217;re convivial, free and open to all!<\/p>\n\n\n\n<p>Join us in Aire-La-Ville, Ani\u00e8res, Avully, Avusy, Bernex, Carouge, Ch\u00eane-Bourg, Confignon, Gaillard, Lancy, Meyrin, Onex, Plan-les-Ouates, Presinge, Satigny, Saint-Genis Pouilly, Th\u00f4nex and Vernier.<\/p>\n\n\n\n<h4 class=\"wp-block-heading\">With the Hospice g\u00e9n\u00e9ral<\/h4>\n\n\n\n<p>Throughout the year, the Festival programme is extended through free screenings in partnership with the municipalities of Greater Geneva. By engaging residents and local associations, these events aim to highlight the richness and diversity of the Geneva region. They provide an opportunity for communal gatherings, film viewing, and discussions about human rights issues. They\u2019re convivial, free and open to all!<\/p>\n\n\n\n<p>Furthermore, the Festival involves CHC residents in its team of volunteers. Under the supervision of other volunteers, residents gain an insider&#8217;s perspective of the Festival.<\/p>\n\n\n\n<p>For the first time in 2026, the FIFDH and Hospice g\u00e9n\u00e9ral Youth Jurys will bring together young people with migration backgrounds and students as part of a cultural mediation project, fostering exchange, an understanding of the role of a juror, and encounters with film professionals.<\/p>\n\n\n<div class=\"block block-gallery \">\n  <div class=\"row justify-content-center my-5\">\n          <div class=\"col-12 col-md-6\">\n        <div class=\"block block-image\">\n        <figure>\n          <div class=\"ratio ratio-A4H\">          <img decoding=\"async\" width=\"1280\" height=\"720\" src=\"https:\/\/fifdh.org\/wp-content\/uploads\/2023\/10\/communes_4-1280x720.jpg\" class=\"img-cover\" alt=\"\" srcset=\"https:\/\/fifdh.org\/wp-content\/uploads\/2023\/10\/communes_4-1280x720.jpg 1280w, https:\/\/fifdh.org\/wp-content\/uploads\/2023\/10\/communes_4-480x270.jpg 480w, https:\/\/fifdh.org\/wp-content\/uploads\/2023\/10\/communes_4-854x480.jpg 854w, https:\/\/fifdh.org\/wp-content\/uploads\/2023\/10\/communes_4-1900x1068.jpg 1900w\" sizes=\"(max-width: 1280px) 100vw, 1280px\" \/>          <\/div>                  <\/figure>\n\n        <\/div>      <\/div>\n          <div class=\"col-12 col-md-6\">\n        <div class=\"block block-image\">\n        <figure>\n          <div class=\"ratio ratio-A4H\">          <img decoding=\"async\" width=\"1280\" height=\"720\" src=\"https:\/\/fifdh.org\/wp-content\/uploads\/2023\/10\/communes_1-1280x720.jpg\" class=\"img-cover\" alt=\"\" srcset=\"https:\/\/fifdh.org\/wp-content\/uploads\/2023\/10\/communes_1-1280x720.jpg 1280w, https:\/\/fifdh.org\/wp-content\/uploads\/2023\/10\/communes_1-480x270.jpg 480w, https:\/\/fifdh.org\/wp-content\/uploads\/2023\/10\/communes_1-854x480.jpg 854w, https:\/\/fifdh.org\/wp-content\/uploads\/2023\/10\/communes_1-1900x1068.jpg 1900w\" sizes=\"(max-width: 1280px) 100vw, 1280px\" \/>          <\/div>                  <\/figure>\n\n        <\/div>      <\/div>\n      <\/div>\n<\/div>\n\n<div>\n  <h2 class=\"block block-heading text-center layout-section\">Solidary tickets, accessibility and inclusion<\/h2>\n<\/div>\n\n\n<p>The solidary ticket system provides people facing precarious situations with the opportunity to attend to a screening of the FIFDH. Over 200 tickets are purchased by our partners and local associations allocate tickets to people who receive social assistance.<\/p>\n\n\n\n<p>In association with <em><a href=\"https:\/\/www.regards-neufs.ch\/fr\/\" target=\"_blank\" rel=\"noreferrer noopener\">Regards Neufs<\/a><\/em> (an association promoting access to the art of cinematography for individuals with visual or hearing impairments), the FIFDH shall present several screenings with audio descriptions for blind and visually-impaired people, and with subtitles for deaf and hearing-impaired people, followed by discussions facilitated with sign language interpretation.<\/p>\n\n\n\n<p>These initiatives aim to enhance the accessibility of the FIFDH for individuals with visual or hearing disabilities, and foster inclusive environments by promoting interactions between diverse audiences.<\/p>\n\n\n\n<div style=\"height:var(--wp--preset--spacing--50)\" aria-hidden=\"true\" class=\"wp-block-spacer\"><\/div>\n\n\n<div>\n  <h2 class=\"block block-heading text-center layout-section\">School and educational sessions<\/h2>\n<\/div>\n\n\n<p>Cultural mediation will be extended to schools during the Festival through the educational programme, and throughout the year in Geneva\u2019s secondary I &amp; II schools. Details about these programmes can be found in the <a href=\"https:\/\/fifdh.org\/en\/schools\/\">Schools<\/a> section.<\/p>\n\n\n\n<div style=\"height:var(--wp--preset--spacing--70)\" aria-hidden=\"true\" class=\"wp-block-spacer\"><\/div>\n\n\n<div class=\"col-12 mx-auto mb-5 col-xxl-8\">\n  <div class=\"row\">\n\n    \n    \n      <a href=\"ge.https:\/\/www.geneve.ch\/en\" target=\"_blank\" title=\"Canton de Gen\u00e8ve\" class=\"d-block block block-logos block-logo d-flex col-6 col-sm-4 col-md-3 col-xl-2 mx-auto my-4\">\n      <div class=\"m-auto\" style=\"width: 90%\">\n        <img decoding=\"async\" width=\"504\" height=\"283\" src=\"https:\/\/fifdh.org\/wp-content\/uploads\/2023\/11\/1_CantonGeneve_LogoNB-e1704790854534.png\" class=\"w-100 img-fluid\" alt=\"Canton de Gen\u00e8ve\" \/>      <\/div>\n\n      <\/a>\n    \n      <a href=\"https:\/\/www.hospicegeneral.ch\/fr\" target=\"_blank\" title=\"Hospice G\u00e9n\u00e9rale\" class=\"d-block block block-logos block-logo d-flex col-6 col-sm-4 col-md-3 col-xl-2 mx-auto my-4\">\n      <div class=\"m-auto\" style=\"width: 90%\">\n        <img decoding=\"async\" width=\"1280\" height=\"399\" src=\"https:\/\/fifdh.org\/wp-content\/uploads\/2023\/11\/6HospiceGeneral_LogoNB-1280x399.png\" class=\"w-100 img-fluid\" alt=\"Hospice G\u00e9n\u00e9rale\" srcset=\"https:\/\/fifdh.org\/wp-content\/uploads\/2023\/11\/6HospiceGeneral_LogoNB-1280x399.png 1280w, https:\/\/fifdh.org\/wp-content\/uploads\/2023\/11\/6HospiceGeneral_LogoNB-480x149.png 480w, https:\/\/fifdh.org\/wp-content\/uploads\/2023\/11\/6HospiceGeneral_LogoNB-854x266.png 854w, https:\/\/fifdh.org\/wp-content\/uploads\/2023\/11\/6HospiceGeneral_LogoNB-1900x592.png 1900w\" sizes=\"(max-width: 1280px) 100vw, 1280px\" \/>      <\/div>\n\n      <\/a>\n    \n      <a href=\"https:\/\/www.hug.ch\/page-accueil\" target=\"_blank\" title=\"HUG\" class=\"d-block block block-logos block-logo d-flex col-6 col-sm-4 col-md-3 col-xl-2 mx-auto my-4\">\n      <div class=\"m-auto\" style=\"width: 90%\">\n        <img decoding=\"async\" width=\"1280\" height=\"294\" src=\"https:\/\/fifdh.org\/wp-content\/uploads\/2023\/11\/2HUG_LogoNB-1280x294.png\" class=\"w-100 img-fluid\" alt=\"HUG\" srcset=\"https:\/\/fifdh.org\/wp-content\/uploads\/2023\/11\/2HUG_LogoNB-1280x294.png 1280w, https:\/\/fifdh.org\/wp-content\/uploads\/2023\/11\/2HUG_LogoNB-480x110.png 480w, https:\/\/fifdh.org\/wp-content\/uploads\/2023\/11\/2HUG_LogoNB-854x196.png 854w, https:\/\/fifdh.org\/wp-content\/uploads\/2023\/11\/2HUG_LogoNB.png 1792w\" sizes=\"(max-width: 1280px) 100vw, 1280px\" \/>      <\/div>\n\n      <\/a>\n    \n      <a href=\"https:\/\/www.arthug.ch\/artopie\" target=\"_blank\" title=\"Artopie\" class=\"d-block block block-logos block-logo d-flex col-6 col-sm-4 col-md-3 col-xl-2 mx-auto my-4\">\n      <div class=\"m-auto\" style=\"width: 90%\">\n        <img decoding=\"async\" width=\"600\" height=\"132\" src=\"https:\/\/fifdh.org\/wp-content\/uploads\/2023\/11\/2Artopie_LogoNB.png\" class=\"w-100 img-fluid\" alt=\"Artopie\" srcset=\"https:\/\/fifdh.org\/wp-content\/uploads\/2023\/11\/2Artopie_LogoNB.png 600w, https:\/\/fifdh.org\/wp-content\/uploads\/2023\/11\/2Artopie_LogoNB-480x106.png 480w\" sizes=\"(max-width: 600px) 100vw, 600px\" \/>      <\/div>\n\n      <\/a>\n    \n      <a href=\"https:\/\/www.swissperform.ch\/en\/\" target=\"_blank\" title=\"SwissPerform\" class=\"d-block block block-logos block-logo d-flex col-6 col-sm-4 col-md-3 col-xl-2 mx-auto my-4\">\n      <div class=\"m-auto\" style=\"width: 70%\">\n        <img decoding=\"async\" width=\"1280\" height=\"604\" src=\"https:\/\/fifdh.org\/wp-content\/uploads\/2023\/11\/13SwissPerform_LogoNB.png\" class=\"w-100 img-fluid\" alt=\"SwissPerform\" srcset=\"https:\/\/fifdh.org\/wp-content\/uploads\/2023\/11\/13SwissPerform_LogoNB.png 1280w, https:\/\/fifdh.org\/wp-content\/uploads\/2023\/11\/13SwissPerform_LogoNB-480x227.png 480w, https:\/\/fifdh.org\/wp-content\/uploads\/2023\/11\/13SwissPerform_LogoNB-854x403.png 854w\" sizes=\"(max-width: 1280px) 100vw, 1280px\" \/>      <\/div>\n\n      <\/a>\n    \n  <\/div>\n<\/div>","protected":false},"excerpt":{"rendered":"<p>The FIFDH perceives cinema as a tool for mediation, an opportunity to engage with diverse audiences. By showcasing impactful and creative films, we facilitate unique opportunities for dialogue among people from varied backgrounds.&nbsp; Through cinematic storytelling, discussions and tailor-made workshops, our mediation initiatives create encounters between different social and cultural spheres. These moments provide a [&hellip;]<\/p>\n","protected":false},"author":2,"featured_media":2214,"parent":0,"menu_order":0,"comment_status":"closed","ping_status":"closed","template":"","meta":{"_acf_changed":false,"footnotes":""},"class_list":["post-4879","page","type-page","status-publish","has-post-thumbnail","hentry"],"acf":[],"_links":{"self":[{"href":"https:\/\/fifdh.org\/en\/wp-json\/wp\/v2\/pages\/4879","targetHints":{"allow":["GET"]}}],"collection":[{"href":"https:\/\/fifdh.org\/en\/wp-json\/wp\/v2\/pages"}],"about":[{"href":"https:\/\/fifdh.org\/en\/wp-json\/wp\/v2\/types\/page"}],"author":[{"embeddable":true,"href":"https:\/\/fifdh.org\/en\/wp-json\/wp\/v2\/users\/2"}],"replies":[{"embeddable":true,"href":"https:\/\/fifdh.org\/en\/wp-json\/wp\/v2\/comments?post=4879"}],"version-history":[{"count":12,"href":"https:\/\/fifdh.org\/en\/wp-json\/wp\/v2\/pages\/4879\/revisions"}],"predecessor-version":[{"id":42623,"href":"https:\/\/fifdh.org\/en\/wp-json\/wp\/v2\/pages\/4879\/revisions\/42623"}],"wp:featuredmedia":[{"embeddable":true,"href":"https:\/\/fifdh.org\/en\/wp-json\/wp\/v2\/media\/2214"}],"wp:attachment":[{"href":"https:\/\/fifdh.org\/en\/wp-json\/wp\/v2\/media?parent=4879"}],"curies":[{"name":"wp","href":"https:\/\/api.w.org\/{rel}","templated":true}]}}