{"id":34997,"date":"2025-02-13T11:01:43","date_gmt":"2025-02-13T10:01:43","guid":{"rendered":"https:\/\/fifdh.org\/?page_id=34997"},"modified":"2026-04-20T12:02:47","modified_gmt":"2026-04-20T10:02:47","slug":"homepage-fifdh-2025","status":"publish","type":"page","link":"https:\/\/fifdh.org\/en\/","title":{"rendered":"HOMEPAGE FIFDH 2025"},"content":{"rendered":"<figure class=\"block block-video alignfull\">\n\n  <div class=\"ratio ratio-21x9 ratio-mobile ratio-mobile-21x9\">\n        <video id=\"block_69e5f9c5e6bfa\" class=\"bg-dark\" playsinline autoplay muted loop preload=\"auto\"  onclick=\"togglePlayBlockVideo('block_69e5f9c5e6bfa')\">\n              <source data-res=\"large\" src=\"https:\/\/fifdh.org\/wp-content\/uploads\/2026\/04\/FIFDH-2026_BESTOF_FINAL_1080-1.mp4\" type=\"video\/mp4\">\n              <source data-res=\"medium\" src=\"https:\/\/fifdh.org\/wp-content\/uploads\/2026\/04\/FIFDH-2026_BESTOF_FINAL_720-1.mp4\" type=\"video\/mp4\">\n              <source data-res=\"small\" src=\"https:\/\/fifdh.org\/wp-content\/uploads\/2026\/04\/FIFDH-2026_BESTOF_FINAL_360-1.mp4\" type=\"video\/mp4\">\n              <source data-res=\"mobile\" src=\"https:\/\/fifdh.org\/wp-content\/uploads\/2026\/04\/FIFDH-2026_BESTOF_FINAL_vert-1.mp4\" type=\"video\/mp4\">\n            Votre navigateur ne prend pas en charge la lecture vid\u00e9o.\n    <\/video>\n    <div class=\"spinner-container translate-center w-auto h-auto\" style=\"display: block;\">\n      <div class=\"spinner-border text-white\" role=\"status\">\n        <span class=\"visually-hidden\">Loading&#8230;<\/span>\n      <\/div>\n    <\/div>\n              <div class=\"block-video-controls\">\n        <button class=\"btn btn-link text-white play\" onclick=\"togglePlayBlockVideo('block_69e5f9c5e6bfa')\"><i class=\"bi bi-pause-fill\"><\/i><\/button>\n        <button class=\"btn btn-link text-white volume\" onclick=\"toggleMuteBlockVideo('block_69e5f9c5e6bfa')\"><i class=\"bi bi-volume-mute\"><\/i><\/button>\n        <button class=\"btn btn-link text-white reload ps-0\" onclick=\"reloadBlockVideo('block_69e5f9c5e6bfa')\"><i class=\"bi bi-arrow-counterclockwise\"><\/i><\/button>\n      <\/div>\n      <\/div>\n\n  <figcaption><figure class=\"block block-video alignfull\"><figcaption>Editing: Julie Bellard and Th\u00e9o Laglisse |\u00a0Music: Moondino | Animation:\u00a0Fabien Jupille |\u00a0Graphism: Studio Bad<\/figcaption><\/figure>\n<\/figcaption><\/figure>\n\n\n<div style=\"height:var(--wp--preset--spacing--50)\" aria-hidden=\"true\" class=\"wp-block-spacer\"><\/div>\n\n\n\n<h2 class=\"wp-block-heading has-text-align-center\">The 25th edition of the Geneva International Film Festival and Forum on Human Rights will take place from 5 to 14 March, 2027. <br><br>In the meantime, the Festival lives on with its Agenda +365 \u2014 a programme of events held throughout the year.<\/h2>\n\n\n\n<div style=\"height:var(--wp--preset--spacing--50)\" aria-hidden=\"true\" class=\"wp-block-spacer\"><\/div>\n\n\n<div id=\"block_69e5f9c5e8756\" class=\"block block-highlight\">\n  <div class=\"title mb-3\">\n    <div class=\"d-flex\">\n              <span class=\"h2 mb-0 \">Agenda +365 <\/span>\n                    <a href=\"https:\/\/fifdh.org\/en\/agenda\/\" target=\"\" class=\"ms-auto my-auto font-monospace fs-16  \">see more<\/a>\n          <\/div>\n  <\/div>\n  <div class=\"row\">\n          <div class=\"slide col-12 col-md-6 col-lg-4 mb-4 mx-auto \">\n        <div class=\"ratio ratio-16x9\">\n                      <a href=\"https:\/\/fifdh.org\/en\/agenda\/runa-simi-meyrin\/\" target=\"\" class=\"\">\n              <img decoding=\"async\" width=\"1200\" height=\"630\" src=\"https:\/\/fifdh.org\/wp-content\/uploads\/2026\/04\/20260505_RunaSimi_365.webp\" class=\"img-cover\" alt=\"\" srcset=\"https:\/\/fifdh.org\/wp-content\/uploads\/2026\/04\/20260505_RunaSimi_365.webp 1200w, https:\/\/fifdh.org\/wp-content\/uploads\/2026\/04\/20260505_RunaSimi_365-480x252.webp 480w, https:\/\/fifdh.org\/wp-content\/uploads\/2026\/04\/20260505_RunaSimi_365-854x448.webp 854w\" sizes=\"(max-width: 1200px) 100vw, 1200px\" \/>            <\/a>\n                  <\/div>\n        <div class=\"link-container border-bottom py-1 lh-sm\">\n          <a href=\"https:\/\/fifdh.org\/en\/agenda\/runa-simi-meyrin\/\" target=\"\" class=\"h2 px-2 d-flex mb-0 \">\n            <div class=\"pe-2\">MON 4.05 Meyrin \u2013 Runa Simi<\/div>\n            <div class=\"ms-auto arrow-right\"><svg xmlns=\"http:\/\/www.w3.org\/2000\/svg\" width=\"50.157\" height=\"41.895\" viewBox=\"0 0 50.157 41.895\">\n  <path d=\"M38.258,13.5,35.27,16.418,51.111,32.353H9v4.189H51.111L35.27,52.405l2.988,2.989,20.9-20.947Z\" transform=\"translate(-9 -13.5)\" fill=\"var(--bs-body-color)\"\/>\n<\/svg>\n<\/div>\n          <\/a>\n        <\/div>\n      <\/div>\n          <div class=\"slide col-12 col-md-6 col-lg-4 mb-4 mx-auto \">\n        <div class=\"ratio ratio-16x9\">\n                      <a href=\"https:\/\/fifdh.org\/en\/agenda\/yurlu-country-confignon\/\" target=\"\" class=\"\">\n              <img decoding=\"async\" width=\"1200\" height=\"630\" src=\"https:\/\/fifdh.org\/wp-content\/uploads\/2026\/04\/20260507_YurluCountry_365.webp\" class=\"img-cover\" alt=\"\" srcset=\"https:\/\/fifdh.org\/wp-content\/uploads\/2026\/04\/20260507_YurluCountry_365.webp 1200w, https:\/\/fifdh.org\/wp-content\/uploads\/2026\/04\/20260507_YurluCountry_365-480x252.webp 480w, https:\/\/fifdh.org\/wp-content\/uploads\/2026\/04\/20260507_YurluCountry_365-854x448.webp 854w\" sizes=\"(max-width: 1200px) 100vw, 1200px\" \/>            <\/a>\n                  <\/div>\n        <div class=\"link-container border-bottom py-1 lh-sm\">\n          <a href=\"https:\/\/fifdh.org\/en\/agenda\/yurlu-country-confignon\/\" target=\"\" class=\"h2 px-2 d-flex mb-0 \">\n            <div class=\"pe-2\">THU 7.05 Confignon \u2013 Yurlu | Country<\/div>\n            <div class=\"ms-auto arrow-right\"><svg xmlns=\"http:\/\/www.w3.org\/2000\/svg\" width=\"50.157\" height=\"41.895\" viewBox=\"0 0 50.157 41.895\">\n  <path d=\"M38.258,13.5,35.27,16.418,51.111,32.353H9v4.189H51.111L35.27,52.405l2.988,2.989,20.9-20.947Z\" transform=\"translate(-9 -13.5)\" fill=\"var(--bs-body-color)\"\/>\n<\/svg>\n<\/div>\n          <\/a>\n        <\/div>\n      <\/div>\n          <div class=\"slide col-12 col-md-6 col-lg-4 mb-4 mx-auto \">\n        <div class=\"ratio ratio-16x9\">\n                      <a href=\"https:\/\/fifdh.org\/en\/agenda\/a-fox-satigny\/\" target=\"\" class=\"\">\n              <img decoding=\"async\" width=\"1200\" height=\"630\" src=\"https:\/\/fifdh.org\/wp-content\/uploads\/2026\/04\/20260508_DoubleProjectionSatigny_365.webp\" class=\"img-cover\" alt=\"\" srcset=\"https:\/\/fifdh.org\/wp-content\/uploads\/2026\/04\/20260508_DoubleProjectionSatigny_365.webp 1200w, https:\/\/fifdh.org\/wp-content\/uploads\/2026\/04\/20260508_DoubleProjectionSatigny_365-480x252.webp 480w, https:\/\/fifdh.org\/wp-content\/uploads\/2026\/04\/20260508_DoubleProjectionSatigny_365-854x448.webp 854w\" sizes=\"(max-width: 1200px) 100vw, 1200px\" \/>            <\/a>\n                  <\/div>\n        <div class=\"link-container border-bottom py-1 lh-sm\">\n          <a href=\"https:\/\/fifdh.org\/en\/agenda\/a-fox-satigny\/\" target=\"\" class=\"h2 px-2 d-flex mb-0 \">\n            <div class=\"pe-2\">FRI 8.05 Satigny \u2013 double screenings<\/div>\n            <div class=\"ms-auto arrow-right\"><svg xmlns=\"http:\/\/www.w3.org\/2000\/svg\" width=\"50.157\" height=\"41.895\" viewBox=\"0 0 50.157 41.895\">\n  <path d=\"M38.258,13.5,35.27,16.418,51.111,32.353H9v4.189H51.111L35.27,52.405l2.988,2.989,20.9-20.947Z\" transform=\"translate(-9 -13.5)\" fill=\"var(--bs-body-color)\"\/>\n<\/svg>\n<\/div>\n          <\/a>\n        <\/div>\n      <\/div>\n      <\/div>\n<\/div>\n\n\n\n\n<div style=\"height:var(--wp--preset--spacing--50)\" aria-hidden=\"true\" class=\"wp-block-spacer\"><\/div>\n\n\n<div id=\"block_69e5f9c5e879e\" class=\"block block-news\">\n\n      <div class=\"title mb-3\">\n      <div class=\"d-flex\">\n                  <span class=\"h2 mb-0 \">News<\/span>\n                          <a href=\"https:\/\/fifdh.org\/actualites\/\" class=\"ms-auto my-auto font-monospace fs-16 text-decoration-none \" target=\"_blank\">See more<\/a>\n              <\/div>\n    <\/div>\n\n      <div class=\"slider-container\">\n      <div class=\"slider row\">\n                  <div class=\"slide slide-festival col-10 col-md-6 col-lg-4 col-xxl-3\">\n\n            <a href=\"https:\/\/fifdh.org\/en\/festival\/news\/from-gaza-with-love-free-streaming\/\" class=\"link-image\">\n              <div class=\"ratio ratio-16x9\">\n                <img decoding=\"async\" width=\"1280\" height=\"855\" src=\"https:\/\/fifdh.org\/wp-content\/uploads\/2026\/04\/2025-03-08_FromGazaWithLove_AndreCordeli-48-1280x855.webp\" class=\"img-cover pe-none wp-post-image\" alt=\"\" srcset=\"https:\/\/fifdh.org\/wp-content\/uploads\/2026\/04\/2025-03-08_FromGazaWithLove_AndreCordeli-48-1280x855.webp 1280w, https:\/\/fifdh.org\/wp-content\/uploads\/2026\/04\/2025-03-08_FromGazaWithLove_AndreCordeli-48-480x321.webp 480w, https:\/\/fifdh.org\/wp-content\/uploads\/2026\/04\/2025-03-08_FromGazaWithLove_AndreCordeli-48-854x570.webp 854w, https:\/\/fifdh.org\/wp-content\/uploads\/2026\/04\/2025-03-08_FromGazaWithLove_AndreCordeli-48-1900x1269.webp 1900w\" sizes=\"(max-width: 1280px) 100vw, 1280px\" \/>              <\/div>\n            <\/a>\n            <div class=\"border-bottom py-1 lh-sm mb-2\">\n                    <div class=\"category-display category-festival\">\n      FESTIVAL    <\/div>\n              <\/div>\n            <div class=\"news-card-content\">\n              <a href=\"https:\/\/fifdh.org\/en\/festival\/news\/from-gaza-with-love-free-streaming\/\" class=\"text-decoration-none\">\n                <h2 class=\"mb-1\">From GAZA with LOVE \u2013 free streaming<\/h2>\n              <\/a>\n              <p>Following its success at the FIFDH 2026 and its screening in several cinemas, the documentary From GAZA with LOVE will be available to watch for\u2026<\/p>\n            <\/div>\n\n          <\/div>\n                  <div class=\"slide slide-schools col-10 col-md-6 col-lg-4 col-xxl-3\">\n\n            <a href=\"https:\/\/fifdh.org\/en\/schools\/news\/fifdh-for-schools-highlights-in-pictures\/\" class=\"link-image\">\n              <div class=\"ratio ratio-16x9\">\n                <img decoding=\"async\" width=\"1280\" height=\"852\" src=\"https:\/\/fifdh.org\/wp-content\/uploads\/2026\/04\/2026-03-13_Ecole_BlackWater_ManonVoland_15-1280x852.webp\" class=\"img-cover pe-none wp-post-image\" alt=\"Salle de cin\u00e9ma remplie, avec un \u00e9l\u00e8ve levant la main. Le fond d&#039;\u00e9cran est l&#039;affiche du FIFDH 2026 avec un requin\" srcset=\"https:\/\/fifdh.org\/wp-content\/uploads\/2026\/04\/2026-03-13_Ecole_BlackWater_ManonVoland_15-1280x852.webp 1280w, https:\/\/fifdh.org\/wp-content\/uploads\/2026\/04\/2026-03-13_Ecole_BlackWater_ManonVoland_15-480x319.webp 480w, https:\/\/fifdh.org\/wp-content\/uploads\/2026\/04\/2026-03-13_Ecole_BlackWater_ManonVoland_15-854x568.webp 854w, https:\/\/fifdh.org\/wp-content\/uploads\/2026\/04\/2026-03-13_Ecole_BlackWater_ManonVoland_15-1900x1264.webp 1900w\" sizes=\"(max-width: 1280px) 100vw, 1280px\" \/>              <\/div>\n            <\/a>\n            <div class=\"border-bottom py-1 lh-sm mb-2\">\n                    <div class=\"category-display category-schools\">\n      SCHOOLS    <\/div>\n              <\/div>\n            <div class=\"news-card-content\">\n              <a href=\"https:\/\/fifdh.org\/en\/schools\/news\/fifdh-for-schools-highlights-in-pictures\/\" class=\"text-decoration-none\">\n                <h2 class=\"mb-1\">FIFDH for Schools : highlights in pictures<\/h2>\n              <\/a>\n              <p>Thank you all for attending! More than 1,250 of you \u2013 including 1,100 students \u2013 took part in the 2026 edition of the FIFDH for\u2026<\/p>\n            <\/div>\n\n          <\/div>\n                  <div class=\"slide slide-festival col-10 col-md-6 col-lg-4 col-xxl-3\">\n\n            <a href=\"https:\/\/fifdh.org\/en\/festival\/news\/swiss-releases-2026\/\" class=\"link-image\">\n              <div class=\"ratio ratio-16x9\">\n                <img decoding=\"async\" width=\"720\" height=\"432\" src=\"https:\/\/fifdh.org\/wp-content\/uploads\/2026\/01\/dontletthesun_filmstill1_uid_692efa8436258_720.webp\" class=\"img-cover pe-none wp-post-image\" alt=\"\" srcset=\"https:\/\/fifdh.org\/wp-content\/uploads\/2026\/01\/dontletthesun_filmstill1_uid_692efa8436258_720.webp 720w, https:\/\/fifdh.org\/wp-content\/uploads\/2026\/01\/dontletthesun_filmstill1_uid_692efa8436258_720-480x288.webp 480w\" sizes=\"(max-width: 720px) 100vw, 720px\" \/>              <\/div>\n            <\/a>\n            <div class=\"border-bottom py-1 lh-sm mb-2\">\n                    <div class=\"category-display category-festival\">\n      FESTIVAL    <\/div>\n              <\/div>\n            <div class=\"news-card-content\">\n              <a href=\"https:\/\/fifdh.org\/en\/festival\/news\/swiss-releases-2026\/\" class=\"text-decoration-none\">\n                <h2 class=\"mb-1\">Swiss Releases &amp; VOD<\/h2>\n              <\/a>\n              <p>Several films screened at the 24th edition of the FIFDH are being released in cinemas across Switzerland, offering you another chance to see them after\u2026<\/p>\n            <\/div>\n\n          <\/div>\n                  <div class=\"slide slide-festival col-10 col-md-6 col-lg-4 col-xxl-3\">\n\n            <a href=\"https:\/\/fifdh.org\/en\/festival\/news\/fifdh-awards-confront-the-world-head-on\/\" class=\"link-image\">\n              <div class=\"ratio ratio-16x9\">\n                <img decoding=\"async\" width=\"1280\" height=\"852\" src=\"https:\/\/fifdh.org\/wp-content\/uploads\/2026\/03\/2026-03-14_Ceremonie-Cloture_ManonVoland_17-1280x852.webp\" class=\"img-cover pe-none wp-post-image\" alt=\"\" srcset=\"https:\/\/fifdh.org\/wp-content\/uploads\/2026\/03\/2026-03-14_Ceremonie-Cloture_ManonVoland_17-1280x852.webp 1280w, https:\/\/fifdh.org\/wp-content\/uploads\/2026\/03\/2026-03-14_Ceremonie-Cloture_ManonVoland_17-480x319.webp 480w, https:\/\/fifdh.org\/wp-content\/uploads\/2026\/03\/2026-03-14_Ceremonie-Cloture_ManonVoland_17-854x568.webp 854w, https:\/\/fifdh.org\/wp-content\/uploads\/2026\/03\/2026-03-14_Ceremonie-Cloture_ManonVoland_17-1900x1264.webp 1900w\" sizes=\"(max-width: 1280px) 100vw, 1280px\" \/>              <\/div>\n            <\/a>\n            <div class=\"border-bottom py-1 lh-sm mb-2\">\n                    <div class=\"category-display category-festival\">\n      FESTIVAL    <\/div>\n              <\/div>\n            <div class=\"news-card-content\">\n              <a href=\"https:\/\/fifdh.org\/en\/festival\/news\/fifdh-awards-confront-the-world-head-on\/\" class=\"text-decoration-none\">\n                <h2 class=\"mb-1\">Final Curtain &#8211; 24th edition<\/h2>\n              <\/a>\n              <p>&nbsp; Audiences discovered a rich and timely film selection, alongside discussions featuring more than 200 guests from the worlds of art, science, politics and activism.\u2026<\/p>\n            <\/div>\n\n          <\/div>\n                  <div class=\"slide slide-festival col-10 col-md-6 col-lg-4 col-xxl-3\">\n\n            <a href=\"https:\/\/fifdh.org\/en\/festival\/news\/2026-awards-winners\/\" class=\"link-image\">\n              <div class=\"ratio ratio-16x9\">\n                <img decoding=\"async\" width=\"905\" height=\"905\" src=\"https:\/\/fifdh.org\/wp-content\/uploads\/2026\/03\/ImageSiteInternet_1080x1080-905x905.webp\" class=\"img-cover pe-none wp-post-image\" alt=\"\" srcset=\"https:\/\/fifdh.org\/wp-content\/uploads\/2026\/03\/ImageSiteInternet_1080x1080-905x905.webp 905w, https:\/\/fifdh.org\/wp-content\/uploads\/2026\/03\/ImageSiteInternet_1080x1080-150x150.webp 150w, https:\/\/fifdh.org\/wp-content\/uploads\/2026\/03\/ImageSiteInternet_1080x1080-340x340.webp 340w, https:\/\/fifdh.org\/wp-content\/uploads\/2026\/03\/ImageSiteInternet_1080x1080-604x604.webp 604w, https:\/\/fifdh.org\/wp-content\/uploads\/2026\/03\/ImageSiteInternet_1080x1080-1900x1900.webp 1900w, https:\/\/fifdh.org\/wp-content\/uploads\/2026\/03\/ImageSiteInternet_1080x1080-1697x1697.webp 1697w\" sizes=\"(max-width: 905px) 100vw, 905px\" \/>              <\/div>\n            <\/a>\n            <div class=\"border-bottom py-1 lh-sm mb-2\">\n                    <div class=\"category-display category-festival\">\n      FESTIVAL    <\/div>\n              <\/div>\n            <div class=\"news-card-content\">\n              <a href=\"https:\/\/fifdh.org\/en\/festival\/news\/2026-awards-winners\/\" class=\"text-decoration-none\">\n                <h2 class=\"mb-1\">2026 Awards winners<\/h2>\n              <\/a>\n              <p>The Creative Documentary Competition Jury is composed of photographer and filmmaker Zed Nelson, writer and playwright Sarah Schulman, and filmmaker Dieudo Hamadi. FIFDH Geneva Grand\u2026<\/p>\n            <\/div>\n\n          <\/div>\n                  <div class=\"slide slide-pro col-10 col-md-6 col-lg-4 col-xxl-3\">\n\n            <a href=\"https:\/\/fifdh.org\/en\/pro\/news\/impact-days-2026-its-a-wrap\/\" class=\"link-image\">\n              <div class=\"ratio ratio-16x9\">\n                <img decoding=\"async\" width=\"1280\" height=\"720\" src=\"https:\/\/fifdh.org\/wp-content\/uploads\/2026\/03\/2025-03-10_IMPACTDAYSPanel1_AndreCordeli-94-1280x720.webp\" class=\"img-cover pe-none wp-post-image\" alt=\"\" srcset=\"https:\/\/fifdh.org\/wp-content\/uploads\/2026\/03\/2025-03-10_IMPACTDAYSPanel1_AndreCordeli-94-1280x720.webp 1280w, https:\/\/fifdh.org\/wp-content\/uploads\/2026\/03\/2025-03-10_IMPACTDAYSPanel1_AndreCordeli-94-480x270.webp 480w, https:\/\/fifdh.org\/wp-content\/uploads\/2026\/03\/2025-03-10_IMPACTDAYSPanel1_AndreCordeli-94-854x481.webp 854w, https:\/\/fifdh.org\/wp-content\/uploads\/2026\/03\/2025-03-10_IMPACTDAYSPanel1_AndreCordeli-94.webp 1889w\" sizes=\"(max-width: 1280px) 100vw, 1280px\" \/>              <\/div>\n            <\/a>\n            <div class=\"border-bottom py-1 lh-sm mb-2\">\n                    <div class=\"category-display category-pro\">\n      PRO    <\/div>\n              <\/div>\n            <div class=\"news-card-content\">\n              <a href=\"https:\/\/fifdh.org\/en\/pro\/news\/impact-days-2026-its-a-wrap\/\" class=\"text-decoration-none\">\n                <h2 class=\"mb-1\">Impact Days 2026 Awards<\/h2>\n              <\/a>\n              <p>The FIFDH&nbsp;professional programme has concluded another record-breaking edition! We&#8217;re thrilled to announce our 2026 achievements and prizewinners. Impact Days connects impact\u2011driven filmmakers with aligned organisations,\u2026<\/p>\n            <\/div>\n\n          <\/div>\n              <\/div>\n      <div class=\"d-flex mt-3\">\n        <div class=\"mx-auto\">\n          <button class=\"btn btn-link prev-button\" type=\"button\">\n            <svg xmlns=\"http:\/\/www.w3.org\/2000\/svg\" width=\"50.157\" height=\"41.895\" viewBox=\"0 0 50.157 41.895\">\n  <path d=\"M29.9,55.395l2.947-2.954L17,36.542H59.157V32.353H17l15.841-15.9L29.9,13.5,9,34.447Z\" transform=\"translate(-9 -13.5)\" fill=\"var(--bs-body-color)\"\/>\n<\/svg>\n            <span class=\"visually-hidden\">Previous<\/span>\n          <\/button>\n          <button class=\"btn btn-link next-button\" type=\"button\">\n            <svg xmlns=\"http:\/\/www.w3.org\/2000\/svg\" width=\"50.157\" height=\"41.895\" viewBox=\"0 0 50.157 41.895\">\n  <path d=\"M38.258,13.5,35.27,16.418,51.111,32.353H9v4.189H51.111L35.27,52.405l2.988,2.989,20.9-20.947Z\" transform=\"translate(-9 -13.5)\" fill=\"var(--bs-body-color)\"\/>\n<\/svg>\n            <span class=\"visually-hidden\">Next<\/span>\n          <\/button>\n        <\/div>\n      <\/div>\n    <\/div>\n  <\/div>\n\n<script>\n      document.addEventListener('DOMContentLoaded', function() {\n      new Slider('#block_69e5f9c5e879e');\n      new NewsCardTruncator('#block_69e5f9c5e879e .news-card-content');\n    });\n  <\/script>\n\n<div class=\"block block-quick-access\">\n      <a href=\"https:\/\/fifdh.org\/en\/about-the-fifdh\/\" target=\"\" class=\"h1 text-wrap px-2 overflow-hidden\">About the FIFDH<\/a>\n      <a href=\"https:\/\/fifdh.org\/en\/schools\/\" target=\"\" class=\"h1 text-wrap px-2 overflow-hidden\">Schools programme<\/a>\n      <a href=\"https:\/\/fifdh.org\/en\/pro\/\" target=\"\" class=\"h1 text-wrap px-2 overflow-hidden\">Impact Days<\/a>\n      <a href=\"https:\/\/fifdh.org\/en\/amies\/\" target=\"\" class=\"h1 text-wrap px-2 overflow-hidden\">Support us<\/a>\n  <\/div>\n\n\n<div style=\"height:var(--wp--preset--spacing--60)\" aria-hidden=\"true\" class=\"wp-block-spacer\"><\/div>\n\n\n<div id=\"block_69e5f9c5e87d2\" class=\"block block-highlight\">\n  <div class=\"title mb-3\">\n    <div class=\"d-flex\">\n              <span class=\"h2 mb-0 \">Replay<\/span>\n                    <a href=\"https:\/\/fifdh.org\/en\/resources\/\" target=\"\" class=\"ms-auto my-auto font-monospace fs-16  \">See all<\/a>\n          <\/div>\n  <\/div>\n  <div class=\"row\">\n          <div class=\"slide col-12 col-md-6 col-lg-4 mb-4 mx-auto \">\n        <div class=\"ratio ratio-16x9\">\n                      <a href=\"https:\/\/fifdh.org\/en\/resources\/action\/read\/\" target=\"\" class=\"\">\n              <img decoding=\"async\" width=\"1278\" height=\"720\" src=\"https:\/\/fifdh.org\/wp-content\/uploads\/2026\/02\/LireFIFDH.webp\" class=\"img-cover\" alt=\"\" srcset=\"https:\/\/fifdh.org\/wp-content\/uploads\/2026\/02\/LireFIFDH.webp 1278w, https:\/\/fifdh.org\/wp-content\/uploads\/2026\/02\/LireFIFDH-480x270.webp 480w, https:\/\/fifdh.org\/wp-content\/uploads\/2026\/02\/LireFIFDH-854x481.webp 854w\" sizes=\"(max-width: 1278px) 100vw, 1278px\" \/>            <\/a>\n                  <\/div>\n        <div class=\"link-container border-bottom py-1 lh-sm\">\n          <a href=\"https:\/\/fifdh.org\/en\/resources\/action\/read\/\" target=\"\" class=\"h2 px-2 d-flex mb-0 \">\n            <div class=\"pe-2\">Read<\/div>\n            <div class=\"ms-auto arrow-right\"><svg xmlns=\"http:\/\/www.w3.org\/2000\/svg\" width=\"50.157\" height=\"41.895\" viewBox=\"0 0 50.157 41.895\">\n  <path d=\"M38.258,13.5,35.27,16.418,51.111,32.353H9v4.189H51.111L35.27,52.405l2.988,2.989,20.9-20.947Z\" transform=\"translate(-9 -13.5)\" fill=\"var(--bs-body-color)\"\/>\n<\/svg>\n<\/div>\n          <\/a>\n        <\/div>\n      <\/div>\n          <div class=\"slide col-12 col-md-6 col-lg-4 mb-4 mx-auto \">\n        <div class=\"ratio ratio-16x9\">\n                      <a href=\"https:\/\/fifdh.org\/en\/resources\/action\/listen\/\" target=\"\" class=\"\">\n              <img decoding=\"async\" width=\"1280\" height=\"853\" src=\"https:\/\/fifdh.org\/wp-content\/uploads\/2026\/02\/EcouterFifdh-1280x853.webp\" class=\"img-cover\" alt=\"\" srcset=\"https:\/\/fifdh.org\/wp-content\/uploads\/2026\/02\/EcouterFifdh-1280x853.webp 1280w, https:\/\/fifdh.org\/wp-content\/uploads\/2026\/02\/EcouterFifdh-480x320.webp 480w, https:\/\/fifdh.org\/wp-content\/uploads\/2026\/02\/EcouterFifdh-854x569.webp 854w, https:\/\/fifdh.org\/wp-content\/uploads\/2026\/02\/EcouterFifdh.webp 1350w\" sizes=\"(max-width: 1280px) 100vw, 1280px\" \/>            <\/a>\n                  <\/div>\n        <div class=\"link-container border-bottom py-1 lh-sm\">\n          <a href=\"https:\/\/fifdh.org\/en\/resources\/action\/listen\/\" target=\"\" class=\"h2 px-2 d-flex mb-0 \">\n            <div class=\"pe-2\">Listen<\/div>\n            <div class=\"ms-auto arrow-right\"><svg xmlns=\"http:\/\/www.w3.org\/2000\/svg\" width=\"50.157\" height=\"41.895\" viewBox=\"0 0 50.157 41.895\">\n  <path d=\"M38.258,13.5,35.27,16.418,51.111,32.353H9v4.189H51.111L35.27,52.405l2.988,2.989,20.9-20.947Z\" transform=\"translate(-9 -13.5)\" fill=\"var(--bs-body-color)\"\/>\n<\/svg>\n<\/div>\n          <\/a>\n        <\/div>\n      <\/div>\n          <div class=\"slide col-12 col-md-6 col-lg-4 mb-4 mx-auto \">\n        <div class=\"ratio ratio-16x9\">\n                      <a href=\"https:\/\/fifdh.org\/en\/resources\/action\/watch\/\" target=\"\" class=\"\">\n              <img decoding=\"async\" width=\"1087\" height=\"723\" src=\"https:\/\/fifdh.org\/wp-content\/uploads\/2026\/02\/VoirFIFDH.webp\" class=\"img-cover\" alt=\"\" srcset=\"https:\/\/fifdh.org\/wp-content\/uploads\/2026\/02\/VoirFIFDH.webp 1087w, https:\/\/fifdh.org\/wp-content\/uploads\/2026\/02\/VoirFIFDH-480x319.webp 480w, https:\/\/fifdh.org\/wp-content\/uploads\/2026\/02\/VoirFIFDH-854x568.webp 854w\" sizes=\"(max-width: 1087px) 100vw, 1087px\" \/>            <\/a>\n                  <\/div>\n        <div class=\"link-container border-bottom py-1 lh-sm\">\n          <a href=\"https:\/\/fifdh.org\/en\/resources\/action\/watch\/\" target=\"\" class=\"h2 px-2 d-flex mb-0 \">\n            <div class=\"pe-2\">Watch<\/div>\n            <div class=\"ms-auto arrow-right\"><svg xmlns=\"http:\/\/www.w3.org\/2000\/svg\" width=\"50.157\" height=\"41.895\" viewBox=\"0 0 50.157 41.895\">\n  <path d=\"M38.258,13.5,35.27,16.418,51.111,32.353H9v4.189H51.111L35.27,52.405l2.988,2.989,20.9-20.947Z\" transform=\"translate(-9 -13.5)\" fill=\"var(--bs-body-color)\"\/>\n<\/svg>\n<\/div>\n          <\/a>\n        <\/div>\n      <\/div>\n      <\/div>\n<\/div>\n\n\n<div style=\"height:0px\" aria-hidden=\"true\" class=\"wp-block-spacer\"><\/div>\n\n\n\n<p><\/p>\n","protected":false},"excerpt":{"rendered":"<p>The 25th edition of the Geneva International Film Festival and Forum on Human Rights will take place from 5 to 14 March, 2027. In the meantime, the Festival lives on with its Agenda +365 \u2014 a programme of events held throughout the year.<\/p>\n","protected":false},"author":23,"featured_media":42117,"parent":0,"menu_order":-1000,"comment_status":"closed","ping_status":"closed","template":"","meta":{"_acf_changed":false,"footnotes":""},"class_list":["post-34997","page","type-page","status-publish","has-post-thumbnail","hentry"],"acf":[],"_links":{"self":[{"href":"https:\/\/fifdh.org\/en\/wp-json\/wp\/v2\/pages\/34997","targetHints":{"allow":["GET"]}}],"collection":[{"href":"https:\/\/fifdh.org\/en\/wp-json\/wp\/v2\/pages"}],"about":[{"href":"https:\/\/fifdh.org\/en\/wp-json\/wp\/v2\/types\/page"}],"author":[{"embeddable":true,"href":"https:\/\/fifdh.org\/en\/wp-json\/wp\/v2\/users\/23"}],"replies":[{"embeddable":true,"href":"https:\/\/fifdh.org\/en\/wp-json\/wp\/v2\/comments?post=34997"}],"version-history":[{"count":94,"href":"https:\/\/fifdh.org\/en\/wp-json\/wp\/v2\/pages\/34997\/revisions"}],"predecessor-version":[{"id":47192,"href":"https:\/\/fifdh.org\/en\/wp-json\/wp\/v2\/pages\/34997\/revisions\/47192"}],"wp:featuredmedia":[{"embeddable":true,"href":"https:\/\/fifdh.org\/en\/wp-json\/wp\/v2\/media\/42117"}],"wp:attachment":[{"href":"https:\/\/fifdh.org\/en\/wp-json\/wp\/v2\/media?parent=34997"}],"curies":[{"name":"wp","href":"https:\/\/api.w.org\/{rel}","templated":true}]}}