{"id":3335,"date":"2023-08-17T15:59:40","date_gmt":"2023-08-17T13:59:40","guid":{"rendered":"https:\/\/fifdh.org\/?page_id=3335"},"modified":"2026-04-17T16:39:45","modified_gmt":"2026-04-17T14:39:45","slug":"press","status":"publish","type":"page","link":"https:\/\/fifdh.org\/en\/press\/","title":{"rendered":"Press"},"content":{"rendered":"\n<div style=\"height:24px\" aria-hidden=\"true\" class=\"wp-block-spacer\"><\/div>\n\n\n<div>\n  <h2 class=\"block block-heading text-center col-xxl-10 mx-auto layout-header\">The FIFDH press office is at your disposal to organise interviews with our guests and inform you about the Festival and its programme.<\/h2>\n<\/div>\n\n\n<div style=\"height:var(--wp--preset--spacing--50)\" aria-hidden=\"true\" class=\"wp-block-spacer\"><\/div>\n\n\n<div class=\"block block-image\">\n<figure>\n    <img decoding=\"async\" width=\"1280\" height=\"533\" src=\"https:\/\/fifdh.org\/wp-content\/uploads\/2026\/01\/BannerPresse2026-1280x533.webp\" class=\"attachment-md size-md\" alt=\"\" srcset=\"https:\/\/fifdh.org\/wp-content\/uploads\/2026\/01\/BannerPresse2026-1280x533.webp 1280w, https:\/\/fifdh.org\/wp-content\/uploads\/2026\/01\/BannerPresse2026-480x200.webp 480w, https:\/\/fifdh.org\/wp-content\/uploads\/2026\/01\/BannerPresse2026-854x355.webp 854w, https:\/\/fifdh.org\/wp-content\/uploads\/2026\/01\/BannerPresse2026.webp 1360w\" sizes=\"(max-width: 1280px) 100vw, 1280px\" \/>    <figcaption><p><\/p><\/figcaption><\/figure>\n<\/div>\n\n\n<div style=\"height:var(--wp--preset--spacing--50)\" aria-hidden=\"true\" class=\"wp-block-spacer\"><\/div>\n\n\n\n<h3 class=\"wp-block-heading\">Contact<\/h3>\n\n\n\n<p>Contact our press team for any questions you may have related to the FIFDH, its upcoming projects, and its foundation. The 24th edition of the FIFDH will take place from 6th to 15th March 2026 in Geneva.<\/p>\n\n\n<div class=\"block block-button \">\n  <div class=\"d-flex mx-auto justify-content-center my-3\">\n          <a class=\"btn btn-outline btn-outline-festival mx-2 my-auto  rounded-5 \" href=\"https:\/\/fifdh.org\/en\/festival\/2026-promotional-kit\/\" target=\"\">\n        <span>2026 Promotional kit<\/span>\n      <\/a>\n          <a class=\"btn btn-outline btn-outline-fifdh mx-2 my-auto  rounded-5 \" href=\"https:\/\/fifdh.org\/wp-content\/uploads\/2026\/02\/FIFDH-26_KIT-PRESSE-1.pdf\" target=\"_blank\">\n        <span>2026 Press Kit<\/span>\n      <\/a>\n      <\/div>\n<\/div>\n\n<div class=\"block block-button \">\n  <div class=\"d-flex mx-auto justify-content-center my-3\">\n          <a class=\"btn btn-outline btn-outline-fifdh  my-auto  rounded-5 \" href=\"http:\/\/eepurl.com\/dlhJr5\" target=\"_blank\">\n        <span>Sign up for Press release<\/span>\n      <\/a>\n      <\/div>\n<\/div>\n\n\n<div style=\"height:var(--wp--preset--spacing--50)\" aria-hidden=\"true\" class=\"wp-block-spacer\"><\/div>\n\n\n<div class=\"mb-3 block block-team\">\n  <div class=\"row\">\n          <div class=\"col-12 col-sm-6 col-md-4 col-xl-3 mb-4\">\n\n                  <div class=\"mb-3\">\n            <div class=\"ratio ratio-1x1\"><img decoding=\"async\" width=\"604\" height=\"604\" src=\"https:\/\/fifdh.org\/wp-content\/uploads\/2024\/01\/YAEL_Site_NB-604x604.png\" class=\"img-cover wp-post-image\" alt=\"Yael Golan\" srcset=\"https:\/\/fifdh.org\/wp-content\/uploads\/2024\/01\/YAEL_Site_NB-604x604.png 604w, https:\/\/fifdh.org\/wp-content\/uploads\/2024\/01\/YAEL_Site_NB-150x150.png 150w, https:\/\/fifdh.org\/wp-content\/uploads\/2024\/01\/YAEL_Site_NB-340x340.png 340w, https:\/\/fifdh.org\/wp-content\/uploads\/2024\/01\/YAEL_Site_NB-905x905.png 905w, https:\/\/fifdh.org\/wp-content\/uploads\/2024\/01\/YAEL_Site_NB.png 1080w\" sizes=\"(max-width: 604px) 100vw, 604px\" \/><\/div>\n          <\/div>\n        \n        <div class=\"d-flex mb-2\">\n\n          <div class=\"pe-2 fs-24 lh-sm\">\n            Yael Golan          <\/div>\n\n                      <div class=\"ms-auto\">\n              <a href=\"mailto:y.golan@fifdh.org\" class=\"align-middle\"><i class=\"bi bi-envelope-at-fill\"><\/i><\/a>\n            <\/div>\n          \n        <\/div>\n\n                  <div class=\"font-monospace fs-16\">Head of Media Relations<\/div>\n        \n      <\/div>\n          <div class=\"col-12 col-sm-6 col-md-4 col-xl-3 mb-4\">\n\n                  <div class=\"mb-3\">\n            <div class=\"ratio ratio-1x1\"><img decoding=\"async\" width=\"604\" height=\"604\" src=\"https:\/\/fifdh.org\/wp-content\/uploads\/2025\/12\/KENZA2026_NB-604x604.webp\" class=\"img-cover wp-post-image\" alt=\"\" srcset=\"https:\/\/fifdh.org\/wp-content\/uploads\/2025\/12\/KENZA2026_NB-604x604.webp 604w, https:\/\/fifdh.org\/wp-content\/uploads\/2025\/12\/KENZA2026_NB-150x150.webp 150w, https:\/\/fifdh.org\/wp-content\/uploads\/2025\/12\/KENZA2026_NB-340x340.webp 340w, https:\/\/fifdh.org\/wp-content\/uploads\/2025\/12\/KENZA2026_NB-905x905.webp 905w, https:\/\/fifdh.org\/wp-content\/uploads\/2025\/12\/KENZA2026_NB-1900x1900.webp 1900w, https:\/\/fifdh.org\/wp-content\/uploads\/2025\/12\/KENZA2026_NB-1697x1697.webp 1697w\" sizes=\"(max-width: 604px) 100vw, 604px\" \/><\/div>\n          <\/div>\n        \n        <div class=\"d-flex mb-2\">\n\n          <div class=\"pe-2 fs-24 lh-sm\">\n            Kenza Lavallard Fadlane          <\/div>\n\n                      <div class=\"ms-auto\">\n              <a href=\"mailto:presse@fifdh.org\" class=\"align-middle\"><i class=\"bi bi-envelope-at-fill\"><\/i><\/a>\n            <\/div>\n          \n        <\/div>\n\n                  <div class=\"font-monospace fs-16\">Press Assistant<\/div>\n        \n      <\/div>\n      <\/div>\n<\/div>\n\n\n<div style=\"height:var(--wp--preset--spacing--50)\" aria-hidden=\"true\" class=\"wp-block-spacer\"><\/div>\n\n\n<div class=\"block block-accordions\">\n  <div class=\"accordion\" id=\"block_69e246304ff44\">\n    <div class=\"acf-innerblocks-container\">\n\n<div class=\"block block-accordion accordion-item\">\n  <div class=\"accordion-header\">\n    <button class=\"accordion-button \" type=\"button\" data-bs-toggle=\"collapse\" data-bs-target=\"#collapse-block_69e246304ff53\" aria-expanded=\"true\" aria-controls=\"collapse-block_69e246304ff53\">\n      <div class=\"h2 mb-0 d-flex\">\n                Press releases 2026      <\/div>\n    <\/button>\n  <\/div>\n  <div id=\"collapse-block_69e246304ff53\" class=\"accordion-collapse collapse show\" data-bs-parent=\"\">\n    <div class=\"accordion-body\">\n      <div class=\"acf-innerblocks-container\">\n\n<p>March 14, 2026 \u2013 <a href=\"https:\/\/fifdh.org\/wp-content\/uploads\/2026\/03\/PR-FIFDH-AWARD-WINNERS-2026.pdf\">FIFDH Awards Confront the World Head-On<\/a><\/p>\n\n\n\n<p>February 12, 2026 \u2013 <a href=\"https:\/\/fifdh.org\/wp-content\/uploads\/2026\/02\/CP-PROGRAMME-12.02.2026-ENG.pdf\" type=\"link\" id=\"https:\/\/fifdh.org\/wp-content\/uploads\/2026\/02\/CP-PROGRAMME-12.02.2026-ENG.pdf\" target=\"_blank\" rel=\"noreferrer noopener\">24th Edition of FIFDH: Resisting Authoritarianism<\/a>&nbsp;<\/p>\n\n\n\n<p>January 16, 2026 \u2013 <a href=\"https:\/\/fifdh.org\/wp-content\/uploads\/2026\/01\/CP-POSTER-20.01.2026.pdf\" target=\"_blank\" rel=\"noreferrer noopener\">Posters for the 24\u1d57\u02b0 edition: FIFDH 2026 questions our relationship to reality<\/a><strong>&nbsp;<\/strong><\/p>\n\n<\/div>\n    <\/div>\n  <\/div>\n<\/div>\n\n\n<div class=\"block block-accordion accordion-item\">\n  <div class=\"accordion-header\">\n    <button class=\"accordion-button collapsed\" type=\"button\" data-bs-toggle=\"collapse\" data-bs-target=\"#collapse-block_69e246304ff5e\" aria-expanded=\"false\" aria-controls=\"collapse-block_69e246304ff5e\">\n      <div class=\"h2 mb-0 d-flex\">\n                Press releases and selective press review 2025      <\/div>\n    <\/button>\n  <\/div>\n  <div id=\"collapse-block_69e246304ff5e\" class=\"accordion-collapse collapse \" data-bs-parent=\"\">\n    <div class=\"accordion-body\">\n      <div class=\"acf-innerblocks-container\">\n\n<p>March 16, 2025 \u2013 <a href=\"https:\/\/fifdh.org\/wp-content\/uploads\/2025\/03\/FIFDH-Awards.pdf\" target=\"_blank\" rel=\"noreferrer noopener\">2025 Awards<\/a><\/p>\n\n\n\n<p>February 13, 2025 \u2013 <a href=\"https:\/\/fifdh.org\/wp-content\/uploads\/2026\/01\/CP_Programme_FIFDH2025_ENG.pdf\" target=\"_blank\" rel=\"noreferrer noopener\">Programme announcement of the 23rd edition \u2013 Between Anger and Tenderness: Cinema to Rethink the World<\/a><\/p>\n\n\n\n<p>January 16, 2025 \u2013 <a href=\"https:\/\/fifdh.org\/wp-content\/uploads\/2025\/01\/CP_FIFDH_16_01_2025_ENG.pdf\" target=\"_blank\" rel=\"noreferrer noopener\">23rd edition of the FIFDH: posters signed by Zapotec artist Luvia Lazo and first films announced<\/a><\/p>\n\n<\/div>\n    <\/div>\n  <\/div>\n<\/div>\n\n\n<div class=\"block block-accordion accordion-item\">\n  <div class=\"accordion-header\">\n    <button class=\"accordion-button collapsed\" type=\"button\" data-bs-toggle=\"collapse\" data-bs-target=\"#collapse-block_69e246304ff69\" aria-expanded=\"false\" aria-controls=\"collapse-block_69e246304ff69\">\n      <div class=\"h2 mb-0 d-flex\">\n                Press releases and selective press review 2024      <\/div>\n    <\/button>\n  <\/div>\n  <div id=\"collapse-block_69e246304ff69\" class=\"accordion-collapse collapse \" data-bs-parent=\"\">\n    <div class=\"accordion-body\">\n      <div class=\"acf-innerblocks-container\">\n\n<p>March 16, 2024 <a href=\"https:\/\/fifdh.org\/wp-content\/uploads\/2024\/03\/FIFDH24_ClosingAwards_EN.pdf\">Closing and awards of the 22nd edition of the FIFDH<\/a> <\/p>\n\n\n\n<p>February 15, 2024 &#8211; <a href=\"https:\/\/fifdh.org\/wp-content\/uploads\/2024\/02\/CP_FIFDH24_Programme.pdf\">Between resistance and revolt: the power of images &#8211; FIFDH unveils the programme for its 22nd edition<\/a><\/p>\n\n\n\n<p>January 11, 2024 &#8211; <a href=\"https:\/\/fifdh.org\/wp-content\/uploads\/2024\/01\/CP_AFFICHE_ENG_110124FIFDH-1.pdf\" target=\"_blank\" rel=\"noreferrer noopener\">Spotlight on the posters of the 22nd edition of the FIFDH<\/a><\/p>\n\n\n\n<p><\/p>\n\n\n\n<p><a href=\"https:\/\/fifdh.org\/wp-content\/uploads\/2024\/08\/PresseSelectiveFIFDH24.pdf\">Consult the FIFDH 2024 selective press review<\/a><\/p>\n\n<\/div>\n    <\/div>\n  <\/div>\n<\/div>\n\n\n<div class=\"block block-accordion accordion-item\">\n  <div class=\"accordion-header\">\n    <button class=\"accordion-button collapsed\" type=\"button\" data-bs-toggle=\"collapse\" data-bs-target=\"#collapse-block_69e246304ff73\" aria-expanded=\"false\" aria-controls=\"collapse-block_69e246304ff73\">\n      <div class=\"h2 mb-0 d-flex\">\n                Press releases and selective press review 2023      <\/div>\n    <\/button>\n  <\/div>\n  <div id=\"collapse-block_69e246304ff73\" class=\"accordion-collapse collapse \" data-bs-parent=\"\">\n    <div class=\"accordion-body\">\n      <div class=\"acf-innerblocks-container\">\n\n<p>November 30, 2023: <a href=\"https:\/\/fifdh.org\/wp-content\/uploads\/2023\/11\/FIFDH_NEW_WEBSITE_20231130-1.pdf\" target=\"_blank\" rel=\"noreferrer noopener\">General public, professionals and schools: the FIFDH launches three platforms offering unique content on human rights<\/a><br><br>November 9, 2023: <a href=\"https:\/\/fifdh.org\/wp-content\/uploads\/2023\/11\/FIFDH_NEW_IDENTITY_20231109.pdf\" target=\"_blank\" rel=\"noreferrer noopener\">A new visual identity for the FIFDH Festival<\/a><\/p>\n\n\n\n<p>July 31, 2023:&nbsp;<a href=\"https:\/\/fifdh.org\/wp-content\/uploads\/2023\/11\/CP_FIFDH_230731_ENG.pdf\" target=\"_blank\" rel=\"noreferrer noopener\">Guillaume Noy\u00e9 joins the management team of the FIFDH<\/a><\/p>\n\n\n\n<p>May 15, 2023:&nbsp;<a href=\"https:\/\/fifdh.org\/wp-content\/uploads\/2023\/11\/FIFDH_NEW_EDITORIAL_DIRECTORS_MAY23.pdf\" target=\"_blank\" rel=\"noreferrer noopener\">The new editorial directors of the FIFDH aim to mobilise its audience in support of human rights<\/a><\/p>\n\n\n\n<p>March 27, 2023:&nbsp;<a href=\"https:\/\/fifdh.org\/wp-content\/uploads\/2023\/11\/FIFDH_CP_27march23.pdf\" target=\"_blank\" rel=\"noreferrer noopener\">Three Foundation Board Members and the Programme Director Resign<\/a><\/p>\n\n\n\n<p>March 18, 2023:&nbsp;<a href=\"https:\/\/fifdh.org\/wp-content\/uploads\/2023\/11\/FIFDH2023-AWARD_ENG.pdf\" target=\"_blank\" rel=\"noreferrer noopener\">Award winners and closing ceremony&nbsp;of the 21st edition of the FIFDH<\/a><\/p>\n\n\n\n<p>February 14, 2023:&nbsp;<a href=\"https:\/\/fifdh.org\/wp-content\/uploads\/2023\/11\/CP-FIFDH2023-PROGRAMME-ENG.pdf\" target=\"_blank\" rel=\"noreferrer noopener\">An overview of the programme of the 21st edition of the FIFDH<\/a><\/p>\n\n\n\n<p>January 17, 2023:&nbsp;<a href=\"https:\/\/fifdh.org\/wp-content\/uploads\/2023\/11\/ENG_FIFDH2023-PRESS.pdf\" target=\"_blank\" rel=\"noreferrer noopener\">2023 FIFDH POSTERS: Between oneirism and reality&nbsp;cinema and human rights come together<\/a><\/p>\n\n<\/div>\n    <\/div>\n  <\/div>\n<\/div>\n\n\n<div class=\"block block-accordion accordion-item\">\n  <div class=\"accordion-header\">\n    <button class=\"accordion-button collapsed\" type=\"button\" data-bs-toggle=\"collapse\" data-bs-target=\"#collapse-block_69e246304ff7d\" aria-expanded=\"false\" aria-controls=\"collapse-block_69e246304ff7d\">\n      <div class=\"h2 mb-0 d-flex\">\n                Press releases and selective press review 2022      <\/div>\n    <\/button>\n  <\/div>\n  <div id=\"collapse-block_69e246304ff7d\" class=\"accordion-collapse collapse \" data-bs-parent=\"\">\n    <div class=\"accordion-body\">\n      <div class=\"acf-innerblocks-container\">\n\n<p>December 15, 2022:&nbsp;<a href=\"https:\/\/fifdh.org\/fileadmin\/user_upload\/Documents\/Professionnels\/Communiques_presse\/English\/CP_EN_2022\/221215_ImpactDays_Projects_ENG.pdf\" target=\"_blank\" rel=\"noreferrer noopener\">5th Edition of the Impact Days &#8211; Key dates and projects announcement<\/a><\/p>\n\n\n\n<p>August 30, 2022:&nbsp;<a href=\"https:\/\/2023.fifdh.org\/fileadmin\/user_upload\/Documents\/Professionnels\/Communiques_presse\/English\/CP_EN_2022\/220830_ChangesFoundationBoard_FIFDH.pdf\" target=\"_blank\" rel=\"noreferrer noopener\">Five outstanding women join the FIFDH Foundation Board<\/a><\/p>\n\n\n\n<p>June 3, 2022:&nbsp;<a href=\"https:\/\/2023.fifdh.org\/fileadmin\/user_upload\/Documents\/Actualites\/2022\/CP_IreneChalland_FIFDH_ANG.pdf\" target=\"_blank\" rel=\"noreferrer noopener\">Ir\u00e8ne Challand, new Co-Director General and Programmes Director of the FIFDH<\/a><\/p>\n\n\n\n<p>March 13, 2022:&nbsp;<a href=\"https:\/\/2023.fifdh.org\/fileadmin\/user_upload\/Documents\/Professionnels\/KIT_Presse\/Kit_Presse_2022\/CP_bilan_fifdh22_ANG.pdf\" target=\"_blank\" rel=\"noreferrer noopener\">The 20th edition of the FIFDH ended!<\/a><\/p>\n\n\n\n<p>February 15, 2022:&nbsp;<a href=\"https:\/\/2023.fifdh.org\/fileadmin\/user_upload\/Documents\/Professionnels\/KIT_Presse\/Kit_Presse_2022\/CP_FIFDH2022_Programme_ENG.pdf\" target=\"_blank\" rel=\"noreferrer noopener\">The FIFDH unveils the programme of its 20th edition<\/a><\/p>\n\n\n\n<p>January 26, 2022:&nbsp;<a href=\"https:\/\/2023.fifdh.org\/fileadmin\/user_upload\/Documents\/Professionnels\/Communiques_presse\/Francais\/CP_2022\/26janv_FIFDH_ENG_2022.pdf\" target=\"_blank\" rel=\"noreferrer noopener\">Isabelle Gattiker to leave FIFDH after the Festival 2022 edition<\/a><\/p>\n\n\n\n<p>January 13, 2022:&nbsp;<a href=\"https:\/\/2023.fifdh.org\/fileadmin\/user_upload\/Documents\/Professionnels\/KIT_Presse\/Kit_Presse_2022\/CP_FIFDH2022_Affiche_ENG.pdf\" target=\"_blank\" rel=\"noreferrer noopener\">The FIFDH unveils the poster for its 20th edition<\/a><\/p>\n\n<\/div>\n    <\/div>\n  <\/div>\n<\/div>\n\n\n<div class=\"block block-accordion accordion-item\">\n  <div class=\"accordion-header\">\n    <button class=\"accordion-button collapsed\" type=\"button\" data-bs-toggle=\"collapse\" data-bs-target=\"#collapse-block_69e246304ff87\" aria-expanded=\"false\" aria-controls=\"collapse-block_69e246304ff87\">\n      <div class=\"h2 mb-0 d-flex\">\n                Press releases and selective press review 2021      <\/div>\n    <\/button>\n  <\/div>\n  <div id=\"collapse-block_69e246304ff87\" class=\"accordion-collapse collapse \" data-bs-parent=\"\">\n    <div class=\"accordion-body\">\n      <div class=\"acf-innerblocks-container\">\n\n<p>June 1, 2021:&nbsp;<a href=\"https:\/\/2023.fifdh.org\/fileadmin\/user_upload\/Documents\/Professionnels\/Communiques_presse\/Francais\/CP_2021\/20210601_GENEVE_RECONNAISSANTE_FIFDH.pdf\" target=\"_blank\" rel=\"noreferrer noopener\">Le FIFDH re\u00e7oit la m\u00e9daille Gen\u00e8ve Reconnaissante<\/a>&nbsp;(Press release in French)<\/p>\n\n\n\n<p>March 13, 2021:&nbsp;<a href=\"https:\/\/2023.fifdh.org\/fileadmin\/user_upload\/Documents\/Professionnels\/Communiques_presse\/English\/CP_EN_2021\/210313-PR-Awards-List_FIFDH21.pdf\" target=\"_blank\" rel=\"noreferrer noopener\">The FIFDH announces the 2021 award winners<\/a><\/p>\n\n\n\n<p>February 23, 2021:&nbsp;<a href=\"https:\/\/2023.fifdh.org\/en\/the-festival\/news\/article\/experimenter-debattre-federer\">FIFDH 2021: Experiment, debate, unite!<\/a><\/p>\n\n\n\n<p>January 11, 2021:&nbsp;<a href=\"https:\/\/2023.fifdh.org\/fileadmin\/user_upload\/Documents\/Professionnels\/Communiques_presse\/English\/CP_EN_2021\/211101-PR-Poster-FIFDH21.pdf\" target=\"_blank\" rel=\"noreferrer noopener\">Notwithsdanding the pandemic, the FIFDH announces its 19th edition for 5-14 March<\/a><\/p>\n\n\n\n<div style=\"height:var(--wp--preset--spacing--50)\" aria-hidden=\"true\" class=\"wp-block-spacer\"><\/div>\n\n\n\n<p><a href=\"https:\/\/2023.fifdh.org\/fileadmin\/user_upload\/Documents\/Professionnels\/Communiques_presse\/Francais\/CP_2021\/RevueSelectFIFDH2021.pdf\" target=\"_blank\" rel=\"noreferrer noopener\">Read FIFDH&#8217;s 2021 selective press review<\/a><\/p>\n\n<\/div>\n    <\/div>\n  <\/div>\n<\/div>\n\n\n<div class=\"block block-accordion accordion-item\">\n  <div class=\"accordion-header\">\n    <button class=\"accordion-button collapsed\" type=\"button\" data-bs-toggle=\"collapse\" data-bs-target=\"#collapse-block_69e246304ff95\" aria-expanded=\"false\" aria-controls=\"collapse-block_69e246304ff95\">\n      <div class=\"h2 mb-0 d-flex\">\n                Press releases and selective press review 2020      <\/div>\n    <\/button>\n  <\/div>\n  <div id=\"collapse-block_69e246304ff95\" class=\"accordion-collapse collapse \" data-bs-parent=\"\">\n    <div class=\"accordion-body\">\n      <div class=\"acf-innerblocks-container\">\n\n<p>December 11, 2020:&nbsp;<a href=\"https:\/\/2023.fifdh.org\/fileadmin\/user_upload\/Documents\/Professionnels\/Communiques_presse\/English\/CP_EN_2021\/201211_PR_ImpactDay_Selection21.pdf\" target=\"_blank\" rel=\"noreferrer noopener\">The FIFDH Impact Day announces its 2021 selection<\/a><\/p>\n\n\n\n<p>March 14, 2020:&nbsp;<a href=\"https:\/\/2023.fifdh.org\/fileadmin\/user_upload\/Documents\/Professionnels\/Communiques_presse\/English\/CP_EN_2020\/FIFDH20_PR_closing.pdf\" target=\"_blank\" rel=\"noreferrer noopener\">The FIFDH closes its 2.0. edition and unveils its prize list<\/a><\/p>\n\n\n\n<p>March 6, 2020:&nbsp;<a href=\"https:\/\/2023.fifdh.org\/fileadmin\/user_upload\/Documents\/Professionnels\/Communiques_presse\/English\/CP_EN_2020\/PR_launch_private_sec_net.pdf\" target=\"_blank\" rel=\"noreferrer noopener\">Launch of the &#8220;Private Security Network&#8221;<\/a><\/p>\n\n\n\n<p>March 4, 2020:&nbsp;<a href=\"https:\/\/2023.fifdh.org\/en\/the-festival\/news\/article\/a-new-programme-for-the-fifdh\">A new programme for the FIFDH<\/a><\/p>\n\n\n\n<p>March 2, 2020:&nbsp;<a href=\"https:\/\/2023.fifdh.org\/fileadmin\/user_upload\/Documents\/Professionnels\/Communiques_presse\/English\/CP_EN_2020\/CP_Cancelling_FIFDH20_EN.pdf\" target=\"_blank\" rel=\"noreferrer noopener\">Covid-19: The 2020 Edition of the FIFDH is Cancelled. The Festival Maintains its Mission in an Adapted Format.<\/a><\/p>\n\n\n\n<p>January 16, 2020:&nbsp;<a href=\"https:\/\/2023.fifdh.org\/fileadmin\/user_upload\/Documents\/Professionnels\/Communiques_presse\/English\/CP_EN_2020\/CP_AN_2020.pdf\" target=\"_blank\" rel=\"noreferrer noopener\">The FIFDH unveils its 2020&nbsp;poster<\/a><\/p>\n\n\n\n<div style=\"height:var(--wp--preset--spacing--50)\" aria-hidden=\"true\" class=\"wp-block-spacer\"><\/div>\n\n\n\n<p><a href=\"https:\/\/2023.fifdh.org\/fileadmin\/user_upload\/Documents\/Professionnels\/RevueSelectFIFDH2020_min.pdf\" target=\"_blank\" rel=\"noreferrer noopener\">Read FUFDH&#8217;s 2020 selective press review<\/a><\/p>\n\n<\/div>\n    <\/div>\n  <\/div>\n<\/div>\n\n\n<div class=\"block block-accordion accordion-item\">\n  <div class=\"accordion-header\">\n    <button class=\"accordion-button collapsed\" type=\"button\" data-bs-toggle=\"collapse\" data-bs-target=\"#collapse-block_69e246304ffa1\" aria-expanded=\"false\" aria-controls=\"collapse-block_69e246304ffa1\">\n      <div class=\"h2 mb-0 d-flex\">\n                Press releases 2019      <\/div>\n    <\/button>\n  <\/div>\n  <div id=\"collapse-block_69e246304ffa1\" class=\"accordion-collapse collapse \" data-bs-parent=\"\">\n    <div class=\"accordion-body\">\n      <div class=\"acf-innerblocks-container\">\n\n<p>March 16, 2019:&nbsp;<a href=\"https:\/\/2023.fifdh.org\/fileadmin\/user_upload\/Documents\/Professionnels\/Communiques_presse\/English\/CP_EN_2019\/190316_CPpalmaresEN_FIFDH.pdf\" target=\"_blank\" rel=\"noreferrer noopener\">17th FIFDH closing and awards<\/a><\/p>\n\n\n\n<p>March 7, 2019:&nbsp;<a href=\"https:\/\/2023.fifdh.org\/fileadmin\/user_upload\/Documents\/Professionnels\/Communiques_presse\/English\/CP_EN_2019\/190307_Ouverture.pdf\" target=\"_blank\" rel=\"noreferrer noopener\">FIFDH 2019 opening<\/a><\/p>\n\n\n\n<p>February 14, 2019:&nbsp;<a href=\"https:\/\/2023.fifdh.org\/fileadmin\/user_upload\/Documents\/Professionnels\/Communiques_presse\/English\/CP_EN_2019\/CPFIFDH_2019en.pdf\" target=\"_blank\" rel=\"noreferrer noopener\">The FIFDH unveils its Program<\/a><\/p>\n\n\n\n<p>February 14, 2019:&nbsp;<a href=\"https:\/\/2023.fifdh.org\/fileadmin\/user_upload\/Documents\/Professionnels\/Communiques_presse\/English\/CP_EN_2019\/ENG_DOSSIERDEPRESSE_FIFDH_FINAL_PRINT.pdf\" target=\"_blank\" rel=\"noreferrer noopener\">Press Kit 2019<\/a><\/p>\n\n\n\n<p>January 17, 2019:&nbsp;<a href=\"https:\/\/2023.fifdh.org\/fileadmin\/user_upload\/Documents\/Professionnels\/Communiques_presse\/English\/CP_EN_2019\/190117_Affiche_EN_FIFDH2019.pdf\" target=\"_blank\" rel=\"noreferrer noopener\">The FIFDH unveils its 2019 poster<\/a><\/p>\n\n<\/div>\n    <\/div>\n  <\/div>\n<\/div>\n<\/div>\n  <\/div>\n<\/div>","protected":false},"excerpt":{"rendered":"<p>Contact Contact our press team for any questions you may have related to the FIFDH, its upcoming projects, and its foundation. The 24th edition of the FIFDH will take place from 6th to 15th March 2026 in Geneva.<\/p>\n","protected":false},"author":2,"featured_media":41007,"parent":0,"menu_order":0,"comment_status":"closed","ping_status":"closed","template":"","meta":{"_acf_changed":false,"footnotes":""},"class_list":["post-3335","page","type-page","status-publish","has-post-thumbnail","hentry"],"acf":[],"_links":{"self":[{"href":"https:\/\/fifdh.org\/en\/wp-json\/wp\/v2\/pages\/3335","targetHints":{"allow":["GET"]}}],"collection":[{"href":"https:\/\/fifdh.org\/en\/wp-json\/wp\/v2\/pages"}],"about":[{"href":"https:\/\/fifdh.org\/en\/wp-json\/wp\/v2\/types\/page"}],"author":[{"embeddable":true,"href":"https:\/\/fifdh.org\/en\/wp-json\/wp\/v2\/users\/2"}],"replies":[{"embeddable":true,"href":"https:\/\/fifdh.org\/en\/wp-json\/wp\/v2\/comments?post=3335"}],"version-history":[{"count":101,"href":"https:\/\/fifdh.org\/en\/wp-json\/wp\/v2\/pages\/3335\/revisions"}],"predecessor-version":[{"id":47160,"href":"https:\/\/fifdh.org\/en\/wp-json\/wp\/v2\/pages\/3335\/revisions\/47160"}],"wp:featuredmedia":[{"embeddable":true,"href":"https:\/\/fifdh.org\/en\/wp-json\/wp\/v2\/media\/41007"}],"wp:attachment":[{"href":"https:\/\/fifdh.org\/en\/wp-json\/wp\/v2\/media?parent=3335"}],"curies":[{"name":"wp","href":"https:\/\/api.w.org\/{rel}","templated":true}]}}